{"id":5496,"date":"2024-10-09T04:24:39","date_gmt":"2024-10-09T03:24:39","guid":{"rendered":"https:\/\/mybrazil.co.uk\/produto\/mandioca-congelada-1kg-2\/"},"modified":"2026-04-23T18:07:06","modified_gmt":"2026-04-23T17:07:06","slug":"mandioca-congelada-1kg-2","status":"publish","type":"product","link":"https:\/\/mybrazil.co.uk\/en\/shop\/mandioca-congelada-1kg-2\/","title":{"rendered":"Mandioca Congelada Taj 1kg"},"content":{"rendered":"<p><strong data-start=\"212\" data-end=\"242\">Mandioca Congelada Taj 1kg<\/strong> \u00e9 um produto pr\u00e1tico e 100% natural, feito a partir de mandioca cuidadosamente selecionada e j\u00e1 descascada e congelada para preservar seu sabor e textura. Muito utilizada na culin\u00e1ria brasileira, \u00e9 ideal para preparar pratos como mandioca cozida, frita, pur\u00eas, sopas, escondidinho e acompanhamentos. F\u00e1cil de preparar diretamente do congelador, oferece conveni\u00eancia sem abrir m\u00e3o da qualidade e do sabor tradicional.<\/p>","protected":false},"excerpt":{"rendered":"<p>Mandioca Congelada Taj 1kg \u00e9 um produto pr\u00e1tico e 100% natural, feito a partir de mandioca cuidadosamente selecionada e j\u00e1 descascada e congelada para preservar seu sabor e textura. Muito utilizada na culin\u00e1ria brasileira, \u00e9 ideal para preparar pratos como mandioca cozida, frita, pur\u00eas, sopas, escondidinho e acompanhamentos. F\u00e1cil de preparar diretamente do congelador, oferece [&hellip;]<\/p>","protected":false},"featured_media":6134,"comment_status":"open","ping_status":"closed","template":"","meta":{"_acf_changed":false,"_glsr_average":0,"_glsr_ranking":0,"_glsr_reviews":0},"product_brand":[],"product_cat":[103,80,94,78,43],"product_tag":[],"class_list":{"0":"post-5496","1":"product","2":"type-product","3":"status-publish","4":"has-post-thumbnail","6":"product_cat-churrasco","7":"product_cat-congelados","8":"product_cat-graos-farinhacos","9":"product_cat-mais_vendido_slide_um","10":"product_cat-grocery","12":"first","13":"instock","14":"taxable","15":"shipping-taxable","16":"purchasable","17":"product-type-simple"},"acf":[],"_links":{"self":[{"href":"https:\/\/mybrazil.co.uk\/en\/wp-json\/wp\/v2\/product\/5496","targetHints":{"allow":["GET"]}}],"collection":[{"href":"https:\/\/mybrazil.co.uk\/en\/wp-json\/wp\/v2\/product"}],"about":[{"href":"https:\/\/mybrazil.co.uk\/en\/wp-json\/wp\/v2\/types\/product"}],"replies":[{"embeddable":true,"href":"https:\/\/mybrazil.co.uk\/en\/wp-json\/wp\/v2\/comments?post=5496"}],"wp:featuredmedia":[{"embeddable":true,"href":"https:\/\/mybrazil.co.uk\/en\/wp-json\/wp\/v2\/media\/6134"}],"wp:attachment":[{"href":"https:\/\/mybrazil.co.uk\/en\/wp-json\/wp\/v2\/media?parent=5496"}],"wp:term":[{"taxonomy":"product_brand","embeddable":true,"href":"https:\/\/mybrazil.co.uk\/en\/wp-json\/wp\/v2\/product_brand?post=5496"},{"taxonomy":"product_cat","embeddable":true,"href":"https:\/\/mybrazil.co.uk\/en\/wp-json\/wp\/v2\/product_cat?post=5496"},{"taxonomy":"product_tag","embeddable":true,"href":"https:\/\/mybrazil.co.uk\/en\/wp-json\/wp\/v2\/product_tag?post=5496"}],"curies":[{"name":"wp","href":"https:\/\/api.w.org\/{rel}","templated":true}]}}