{"id":5477,"date":"2024-10-09T04:24:14","date_gmt":"2024-10-09T03:24:14","guid":{"rendered":"https:\/\/mybrazil.co.uk\/produto\/queijo-catupiry-catupiry-cheese\/"},"modified":"2026-04-18T13:31:49","modified_gmt":"2026-04-18T12:31:49","slug":"queijo-catupiry-catupiry-cheese","status":"publish","type":"product","link":"https:\/\/mybrazil.co.uk\/en\/shop\/queijo-catupiry-catupiry-cheese\/","title":{"rendered":"Queijo creme Catupiry Ipanema 500gr"},"content":{"rendered":"<p>Queijo cremoso tipo Catupiry na vers\u00e3o bolsa de 500 g, perfeito para real\u00e7ar sabores nas suas receitas. Sua textura suave e sedosa torna-o ideal para pizzas, salgados recheados, canap\u00e9s e pratos gratinados. Vers\u00e1til e pr\u00e1tico, proporciona um toque gourmet em cada preparo, seja em lanches r\u00e1pidos ou pratos elaborados.<\/p>\n<h2 data-start=\"1038\" data-end=\"1069\">Ingredientes \/ Ingredients<\/h2>\n<p data-start=\"1070\" data-end=\"1164\">De acordo com uma fonte de distribui\u00e7\u00e3o confi\u00e1vel (Apol\u00f3nia, Portugal), os ingredientes s\u00e3o:<\/p>\n<ul data-start=\"1165\" data-end=\"1384\">\n<li data-start=\"1165\" data-end=\"1177\">\n<p data-start=\"1167\" data-end=\"1177\"><strong data-start=\"1167\" data-end=\"1175\">\u00c1gua<\/strong><\/p>\n<\/li>\n<li data-start=\"1178\" data-end=\"1207\">\n<p data-start=\"1180\" data-end=\"1207\"><strong data-start=\"1180\" data-end=\"1205\">Queijo (30 %) (leite)<\/strong><\/p>\n<\/li>\n<li data-start=\"1208\" data-end=\"1229\">\n<p data-start=\"1210\" data-end=\"1229\"><strong data-start=\"1210\" data-end=\"1227\">Natas (leite)<\/strong><\/p>\n<\/li>\n<li data-start=\"1230\" data-end=\"1254\">\n<p data-start=\"1232\" data-end=\"1254\"><strong data-start=\"1232\" data-end=\"1252\">Amido modificado<\/strong><\/p>\n<\/li>\n<li data-start=\"1255\" data-end=\"1306\">\n<p data-start=\"1257\" data-end=\"1306\"><strong data-start=\"1257\" data-end=\"1304\">Estabilizantes (E-452, E-450, E-341, E-339)<\/strong><\/p>\n<\/li>\n<li data-start=\"1307\" data-end=\"1318\">\n<p data-start=\"1309\" data-end=\"1318\"><strong data-start=\"1309\" data-end=\"1316\">Sal<\/strong><\/p>\n<\/li>\n<li data-start=\"1319\" data-end=\"1384\">\n<p data-start=\"1321\" data-end=\"1384\"><strong data-start=\"1321\" data-end=\"1344\">Conservante (E-202)<\/strong><\/p>\n<\/li>\n<\/ul>","protected":false},"excerpt":{"rendered":"<p>Queijo cremoso tipo Catupiry na vers\u00e3o bolsa de 500 g, perfeito para real\u00e7ar sabores nas suas receitas. Sua textura suave e sedosa torna-o ideal para pizzas, salgados recheados, canap\u00e9s e pratos gratinados. Vers\u00e1til e pr\u00e1tico, proporciona um toque gourmet em cada preparo, seja em lanches r\u00e1pidos ou pratos elaborados. Ingredientes \/ Ingredients De acordo com [&hellip;]<\/p>","protected":false},"featured_media":9055,"comment_status":"open","ping_status":"closed","template":"","meta":{"_acf_changed":false,"_glsr_average":0,"_glsr_ranking":0,"_glsr_reviews":0},"product_brand":[],"product_cat":[43,106],"product_tag":[],"class_list":{"0":"post-5477","1":"product","2":"type-product","3":"status-publish","4":"has-post-thumbnail","6":"product_cat-grocery","7":"product_cat-queijos-e-laticinios","9":"first","10":"instock","11":"taxable","12":"shipping-taxable","13":"purchasable","14":"product-type-simple"},"acf":[],"_links":{"self":[{"href":"https:\/\/mybrazil.co.uk\/en\/wp-json\/wp\/v2\/product\/5477","targetHints":{"allow":["GET"]}}],"collection":[{"href":"https:\/\/mybrazil.co.uk\/en\/wp-json\/wp\/v2\/product"}],"about":[{"href":"https:\/\/mybrazil.co.uk\/en\/wp-json\/wp\/v2\/types\/product"}],"replies":[{"embeddable":true,"href":"https:\/\/mybrazil.co.uk\/en\/wp-json\/wp\/v2\/comments?post=5477"}],"wp:featuredmedia":[{"embeddable":true,"href":"https:\/\/mybrazil.co.uk\/en\/wp-json\/wp\/v2\/media\/9055"}],"wp:attachment":[{"href":"https:\/\/mybrazil.co.uk\/en\/wp-json\/wp\/v2\/media?parent=5477"}],"wp:term":[{"taxonomy":"product_brand","embeddable":true,"href":"https:\/\/mybrazil.co.uk\/en\/wp-json\/wp\/v2\/product_brand?post=5477"},{"taxonomy":"product_cat","embeddable":true,"href":"https:\/\/mybrazil.co.uk\/en\/wp-json\/wp\/v2\/product_cat?post=5477"},{"taxonomy":"product_tag","embeddable":true,"href":"https:\/\/mybrazil.co.uk\/en\/wp-json\/wp\/v2\/product_tag?post=5477"}],"curies":[{"name":"wp","href":"https:\/\/api.w.org\/{rel}","templated":true}]}}