{"id":5466,"date":"2024-10-09T04:24:01","date_gmt":"2024-10-09T03:24:01","guid":{"rendered":"https:\/\/mybrazil.co.uk\/produto\/nata-parmalat-cream-of-milk-200ml\/"},"modified":"2026-04-19T13:37:20","modified_gmt":"2026-04-19T12:37:20","slug":"nata-parmalat-cream-of-milk-200ml","status":"publish","type":"product","link":"https:\/\/mybrazil.co.uk\/en\/shop\/nata-parmalat-cream-of-milk-200ml\/","title":{"rendered":"Nata cremosa 200ml Mimosa"},"content":{"rendered":"<p><strong data-start=\"318\" data-end=\"348\">Nata Cremosa Mimosa 200 ml<\/strong> \u00e9 um creme de leite UHT de textura suave e aveludada com <strong data-start=\"406\" data-end=\"430\">35% de mat\u00e9ria gorda<\/strong>, perfeito tanto para uso culin\u00e1rio quanto para bater em chantilly. Produzida pela tradicional marca portuguesa <strong data-start=\"542\" data-end=\"552\">Mimosa<\/strong>, oferece versatilidade na cozinha \u2014 desde sobremesas, molhos cremosos e pratos salgados at\u00e9 coberturas decorativas. Bata bem gelada para obter um chantilly consistente, ou incorpore em receitas quentes para enriquecer o sabor e a textura.<\/p>","protected":false},"excerpt":{"rendered":"<p>Nata Cremosa Mimosa 200 ml \u00e9 um creme de leite UHT de textura suave e aveludada com 35% de mat\u00e9ria gorda, perfeito tanto para uso culin\u00e1rio quanto para bater em chantilly. Produzida pela tradicional marca portuguesa Mimosa, oferece versatilidade na cozinha \u2014 desde sobremesas, molhos cremosos e pratos salgados at\u00e9 coberturas decorativas. Bata bem gelada [&hellip;]<\/p>","protected":false},"featured_media":10044,"comment_status":"open","ping_status":"closed","template":"","meta":{"_acf_changed":false,"_glsr_average":0,"_glsr_ranking":0,"_glsr_reviews":0},"product_brand":[],"product_cat":[87,43],"product_tag":[],"class_list":{"0":"post-5466","1":"product","2":"type-product","3":"status-publish","4":"has-post-thumbnail","6":"product_cat-confeitaria","7":"product_cat-grocery","9":"first","10":"instock","11":"taxable","12":"shipping-taxable","13":"purchasable","14":"product-type-simple"},"acf":[],"_links":{"self":[{"href":"https:\/\/mybrazil.co.uk\/en\/wp-json\/wp\/v2\/product\/5466","targetHints":{"allow":["GET"]}}],"collection":[{"href":"https:\/\/mybrazil.co.uk\/en\/wp-json\/wp\/v2\/product"}],"about":[{"href":"https:\/\/mybrazil.co.uk\/en\/wp-json\/wp\/v2\/types\/product"}],"replies":[{"embeddable":true,"href":"https:\/\/mybrazil.co.uk\/en\/wp-json\/wp\/v2\/comments?post=5466"}],"wp:featuredmedia":[{"embeddable":true,"href":"https:\/\/mybrazil.co.uk\/en\/wp-json\/wp\/v2\/media\/10044"}],"wp:attachment":[{"href":"https:\/\/mybrazil.co.uk\/en\/wp-json\/wp\/v2\/media?parent=5466"}],"wp:term":[{"taxonomy":"product_brand","embeddable":true,"href":"https:\/\/mybrazil.co.uk\/en\/wp-json\/wp\/v2\/product_brand?post=5466"},{"taxonomy":"product_cat","embeddable":true,"href":"https:\/\/mybrazil.co.uk\/en\/wp-json\/wp\/v2\/product_cat?post=5466"},{"taxonomy":"product_tag","embeddable":true,"href":"https:\/\/mybrazil.co.uk\/en\/wp-json\/wp\/v2\/product_tag?post=5466"}],"curies":[{"name":"wp","href":"https:\/\/api.w.org\/{rel}","templated":true}]}}