{"id":5462,"date":"2024-10-09T04:23:57","date_gmt":"2024-10-09T03:23:57","guid":{"rendered":"https:\/\/mybrazil.co.uk\/produto\/bucha-vegetal-vegetable-sponge\/"},"modified":"2026-04-20T16:25:22","modified_gmt":"2026-04-20T15:25:22","slug":"bucha-vegetal-vegetable-sponge","status":"publish","type":"product","link":"https:\/\/mybrazil.co.uk\/en\/shop\/bucha-vegetal-vegetable-sponge\/","title":{"rendered":"Bucha Vegetal para Banho &#8211; Condor"},"content":{"rendered":"<p>Esponja de banho vegetal da marca Condor, confeccionada com fibra vegetal natural e biodegrad\u00e1vel. Ideal para o uso di\u00e1rio no chuveiro, essa bucha promove uma esfolia\u00e7\u00e3o suave que remove c\u00e9lulas mortas e impurezas, ativando a circula\u00e7\u00e3o e deixando a pele macia e aveludada. Pode possuir: \u2022 Superf\u00edcie vegetal para esfoliar e estimular a pele.<\/p>\n<p>\u2022 Em certas vers\u00f5es, lado \u201catoalhado\u201d para toque mais confort\u00e1vel.<\/p>\n<p>\u2022Pr\u00e1tica para o banho di\u00e1rio, contribui para sensa\u00e7\u00e3o de limpeza profunda e renova\u00e7\u00e3o da pele.<\/p>","protected":false},"excerpt":{"rendered":"<p>Esponja de banho vegetal da marca Condor, confeccionada com fibra vegetal natural e biodegrad\u00e1vel. Ideal para o uso di\u00e1rio no chuveiro, essa bucha promove uma esfolia\u00e7\u00e3o suave que remove c\u00e9lulas mortas e impurezas, ativando a circula\u00e7\u00e3o e deixando a pele macia e aveludada. Pode possuir: \u2022 Superf\u00edcie vegetal para esfoliar e estimular a pele. \u2022 [&hellip;]<\/p>","protected":false},"featured_media":8341,"comment_status":"open","ping_status":"closed","template":"","meta":{"_acf_changed":false,"_glsr_average":0,"_glsr_ranking":0,"_glsr_reviews":0},"product_brand":[],"product_cat":[45],"product_tag":[],"class_list":{"0":"post-5462","1":"product","2":"type-product","3":"status-publish","4":"has-post-thumbnail","6":"product_cat-others","8":"first","9":"instock","10":"taxable","11":"shipping-taxable","12":"purchasable","13":"product-type-simple"},"acf":[],"_links":{"self":[{"href":"https:\/\/mybrazil.co.uk\/en\/wp-json\/wp\/v2\/product\/5462","targetHints":{"allow":["GET"]}}],"collection":[{"href":"https:\/\/mybrazil.co.uk\/en\/wp-json\/wp\/v2\/product"}],"about":[{"href":"https:\/\/mybrazil.co.uk\/en\/wp-json\/wp\/v2\/types\/product"}],"replies":[{"embeddable":true,"href":"https:\/\/mybrazil.co.uk\/en\/wp-json\/wp\/v2\/comments?post=5462"}],"wp:featuredmedia":[{"embeddable":true,"href":"https:\/\/mybrazil.co.uk\/en\/wp-json\/wp\/v2\/media\/8341"}],"wp:attachment":[{"href":"https:\/\/mybrazil.co.uk\/en\/wp-json\/wp\/v2\/media?parent=5462"}],"wp:term":[{"taxonomy":"product_brand","embeddable":true,"href":"https:\/\/mybrazil.co.uk\/en\/wp-json\/wp\/v2\/product_brand?post=5462"},{"taxonomy":"product_cat","embeddable":true,"href":"https:\/\/mybrazil.co.uk\/en\/wp-json\/wp\/v2\/product_cat?post=5462"},{"taxonomy":"product_tag","embeddable":true,"href":"https:\/\/mybrazil.co.uk\/en\/wp-json\/wp\/v2\/product_tag?post=5462"}],"curies":[{"name":"wp","href":"https:\/\/api.w.org\/{rel}","templated":true}]}}