{"id":5458,"date":"2024-10-09T04:23:51","date_gmt":"2024-10-09T03:23:51","guid":{"rendered":"https:\/\/mybrazil.co.uk\/produto\/compal-feijao-encarn-red-beans-845ml\/"},"modified":"2026-04-04T15:49:26","modified_gmt":"2026-04-04T14:49:26","slug":"compal-feijao-encarn-red-beans-845ml","status":"publish","type":"product","link":"https:\/\/mybrazil.co.uk\/en\/shop\/compal-feijao-encarn-red-beans-845ml\/","title":{"rendered":"Feijao Encarnado 845ml Compal"},"content":{"rendered":"<p>Feij\u00e3o encarnado pronto a utilizar da linha Compal \u201cDa Horta\u201d (embalagem 845 g) \u2014 legumes cuidadosamente cozinhados, conservados apenas com \u00e1gua e sal, para uma textura macia e sabor natural. Ideal como acompanhamento r\u00e1pido ou para integrar em saladas, sopas e pratos principais vegetarianos ou com carne. Rico em fibra e prote\u00ednas vegetais, traz praticidade \u00e0 sua despensa e versatilidade \u00e0 sua cozinha.<\/p>\n<p><strong data-start=\"1050\" data-end=\"1081\">Ingredientes \/ Ingredients:<\/strong><br data-start=\"1081\" data-end=\"1084\" \/>Feij\u00e3o encarnado, \u00e1gua, sal.<\/p>","protected":false},"excerpt":{"rendered":"<p>Feij\u00e3o encarnado pronto a utilizar da linha Compal \u201cDa Horta\u201d (embalagem 845 g) \u2014 legumes cuidadosamente cozinhados, conservados apenas com \u00e1gua e sal, para uma textura macia e sabor natural. Ideal como acompanhamento r\u00e1pido ou para integrar em saladas, sopas e pratos principais vegetarianos ou com carne. Rico em fibra e prote\u00ednas vegetais, traz praticidade [&hellip;]<\/p>","protected":false},"featured_media":8635,"comment_status":"open","ping_status":"closed","template":"","meta":{"_acf_changed":false,"_glsr_average":0,"_glsr_ranking":0,"_glsr_reviews":0},"product_brand":[],"product_cat":[94,43],"product_tag":[],"class_list":{"0":"post-5458","1":"product","2":"type-product","3":"status-publish","4":"has-post-thumbnail","6":"product_cat-graos-farinhacos","7":"product_cat-grocery","9":"first","10":"instock","11":"taxable","12":"shipping-taxable","13":"purchasable","14":"product-type-simple"},"acf":[],"_links":{"self":[{"href":"https:\/\/mybrazil.co.uk\/en\/wp-json\/wp\/v2\/product\/5458","targetHints":{"allow":["GET"]}}],"collection":[{"href":"https:\/\/mybrazil.co.uk\/en\/wp-json\/wp\/v2\/product"}],"about":[{"href":"https:\/\/mybrazil.co.uk\/en\/wp-json\/wp\/v2\/types\/product"}],"replies":[{"embeddable":true,"href":"https:\/\/mybrazil.co.uk\/en\/wp-json\/wp\/v2\/comments?post=5458"}],"wp:featuredmedia":[{"embeddable":true,"href":"https:\/\/mybrazil.co.uk\/en\/wp-json\/wp\/v2\/media\/8635"}],"wp:attachment":[{"href":"https:\/\/mybrazil.co.uk\/en\/wp-json\/wp\/v2\/media?parent=5458"}],"wp:term":[{"taxonomy":"product_brand","embeddable":true,"href":"https:\/\/mybrazil.co.uk\/en\/wp-json\/wp\/v2\/product_brand?post=5458"},{"taxonomy":"product_cat","embeddable":true,"href":"https:\/\/mybrazil.co.uk\/en\/wp-json\/wp\/v2\/product_cat?post=5458"},{"taxonomy":"product_tag","embeddable":true,"href":"https:\/\/mybrazil.co.uk\/en\/wp-json\/wp\/v2\/product_tag?post=5458"}],"curies":[{"name":"wp","href":"https:\/\/api.w.org\/{rel}","templated":true}]}}