{"id":5448,"date":"2024-10-09T04:23:37","date_gmt":"2024-10-09T03:23:37","guid":{"rendered":"https:\/\/mybrazil.co.uk\/produto\/guarana-antarica-guarana-drink-6-unid\/"},"modified":"2026-04-20T15:34:41","modified_gmt":"2026-04-20T14:34:41","slug":"guarana-antarica-guarana-drink-6-unid","status":"publish","type":"product","link":"https:\/\/mybrazil.co.uk\/en\/shop\/guarana-antarica-guarana-drink-6-unid\/","title":{"rendered":"Guarana Antartica 6 unid x 330ml"},"content":{"rendered":"<p><span class=\"citation-48 citation-end-48\">O Guaran\u00e1 Antarctica \u00e9 o refrigerante mais emblem\u00e1tico do Brasil, agora dispon\u00edvel num conveniente pack de 6 latas de 330ml.<\/span> Criado a partir do fruto do guaran\u00e1 colhido no cora\u00e7\u00e3o da Amaz\u00f3nia, esta bebida proporciona um sabor frutado incompar\u00e1vel, doce e extremamente refrescante. \u00c9 a escolha perfeita para quem deseja uma dose individual de energia e frescura, seja para acompanhar uma refei\u00e7\u00e3o r\u00e1pida, um lanche ou para levar para um piquenique. Com o seu aroma vibrante e efervesc\u00eancia \u00fanica, o Guaran\u00e1 Antarctica traz o verdadeiro esp\u00edrito brasileiro para qualquer momento do seu dia<\/p>","protected":false},"excerpt":{"rendered":"<p>O Guaran\u00e1 Antarctica \u00e9 o refrigerante mais emblem\u00e1tico do Brasil, agora dispon\u00edvel num conveniente pack de 6 latas de 330ml. Criado a partir do fruto do guaran\u00e1 colhido no cora\u00e7\u00e3o da Amaz\u00f3nia, esta bebida proporciona um sabor frutado incompar\u00e1vel, doce e extremamente refrescante. \u00c9 a escolha perfeita para quem deseja uma dose individual de energia [&hellip;]<\/p>","protected":false},"featured_media":8304,"comment_status":"open","ping_status":"closed","template":"","meta":{"_acf_changed":false,"_glsr_average":0,"_glsr_ranking":0,"_glsr_reviews":0},"product_brand":[],"product_cat":[42,79,90],"product_tag":[],"class_list":{"0":"post-5448","1":"product","2":"type-product","3":"status-publish","4":"has-post-thumbnail","6":"product_cat-drink","7":"product_cat-mais_vendido_slide_dois","8":"product_cat-refrigerantes","10":"first","11":"instock","12":"taxable","13":"shipping-taxable","14":"purchasable","15":"product-type-simple"},"acf":[],"_links":{"self":[{"href":"https:\/\/mybrazil.co.uk\/en\/wp-json\/wp\/v2\/product\/5448","targetHints":{"allow":["GET"]}}],"collection":[{"href":"https:\/\/mybrazil.co.uk\/en\/wp-json\/wp\/v2\/product"}],"about":[{"href":"https:\/\/mybrazil.co.uk\/en\/wp-json\/wp\/v2\/types\/product"}],"replies":[{"embeddable":true,"href":"https:\/\/mybrazil.co.uk\/en\/wp-json\/wp\/v2\/comments?post=5448"}],"wp:featuredmedia":[{"embeddable":true,"href":"https:\/\/mybrazil.co.uk\/en\/wp-json\/wp\/v2\/media\/8304"}],"wp:attachment":[{"href":"https:\/\/mybrazil.co.uk\/en\/wp-json\/wp\/v2\/media?parent=5448"}],"wp:term":[{"taxonomy":"product_brand","embeddable":true,"href":"https:\/\/mybrazil.co.uk\/en\/wp-json\/wp\/v2\/product_brand?post=5448"},{"taxonomy":"product_cat","embeddable":true,"href":"https:\/\/mybrazil.co.uk\/en\/wp-json\/wp\/v2\/product_cat?post=5448"},{"taxonomy":"product_tag","embeddable":true,"href":"https:\/\/mybrazil.co.uk\/en\/wp-json\/wp\/v2\/product_tag?post=5448"}],"curies":[{"name":"wp","href":"https:\/\/api.w.org\/{rel}","templated":true}]}}