{"id":5445,"date":"2024-10-09T04:23:33","date_gmt":"2024-10-09T03:23:33","guid":{"rendered":"https:\/\/mybrazil.co.uk\/produto\/lombo-de-porco-pork-loin\/"},"modified":"2026-04-21T17:57:11","modified_gmt":"2026-04-21T16:57:11","slug":"lombo-de-porco-pork-loin","status":"publish","type":"product","link":"https:\/\/mybrazil.co.uk\/en\/shop\/lombo-de-porco-pork-loin\/","title":{"rendered":"Lombo de porco &#8211; UK"},"content":{"rendered":"<p>Lombo de porco suculento e tenro \u2014 corte premium de carne su\u00edna retirado da parte superior das costas do animal. Com textura macia, sabor suave e pouca gordura, \u00e9 perfeito para preparar <strong data-start=\"537\" data-end=\"595\">assados ao forno, grelhados, churrascos e bifes su\u00ednos<\/strong>. Pode ser vendido com ou sem pele e rabo de lombo, com ou sem osso, e \u00e9 ideal para pratos tradicionais, como <strong data-start=\"705\" data-end=\"733\">roast pork com crackling<\/strong>, <strong data-start=\"735\" data-end=\"748\">porchetta<\/strong>, medalh\u00f5es grelhados e receitas recheadas. O lombo de porco oferece excelente rendimento e combina com temperos simples (sal, pimenta, ervas) ou marinadas mais complexas.<\/p>","protected":false},"excerpt":{"rendered":"<p>Lombo de porco suculento e tenro \u2014 corte premium de carne su\u00edna retirado da parte superior das costas do animal. Com textura macia, sabor suave e pouca gordura, \u00e9 perfeito para preparar assados ao forno, grelhados, churrascos e bifes su\u00ednos. Pode ser vendido com ou sem pele e rabo de lombo, com ou sem osso, [&hellip;]<\/p>","protected":false},"featured_media":6003,"comment_status":"open","ping_status":"closed","template":"","meta":{"_acf_changed":false,"_glsr_average":0,"_glsr_ranking":0,"_glsr_reviews":0},"product_brand":[],"product_cat":[44,97],"product_tag":[],"class_list":{"0":"post-5445","1":"product","2":"type-product","3":"status-publish","4":"has-post-thumbnail","6":"product_cat-meat","7":"product_cat-suinos","9":"first","10":"instock","11":"taxable","12":"shipping-taxable","13":"purchasable","14":"product-type-simple"},"acf":[],"_links":{"self":[{"href":"https:\/\/mybrazil.co.uk\/en\/wp-json\/wp\/v2\/product\/5445","targetHints":{"allow":["GET"]}}],"collection":[{"href":"https:\/\/mybrazil.co.uk\/en\/wp-json\/wp\/v2\/product"}],"about":[{"href":"https:\/\/mybrazil.co.uk\/en\/wp-json\/wp\/v2\/types\/product"}],"replies":[{"embeddable":true,"href":"https:\/\/mybrazil.co.uk\/en\/wp-json\/wp\/v2\/comments?post=5445"}],"wp:featuredmedia":[{"embeddable":true,"href":"https:\/\/mybrazil.co.uk\/en\/wp-json\/wp\/v2\/media\/6003"}],"wp:attachment":[{"href":"https:\/\/mybrazil.co.uk\/en\/wp-json\/wp\/v2\/media?parent=5445"}],"wp:term":[{"taxonomy":"product_brand","embeddable":true,"href":"https:\/\/mybrazil.co.uk\/en\/wp-json\/wp\/v2\/product_brand?post=5445"},{"taxonomy":"product_cat","embeddable":true,"href":"https:\/\/mybrazil.co.uk\/en\/wp-json\/wp\/v2\/product_cat?post=5445"},{"taxonomy":"product_tag","embeddable":true,"href":"https:\/\/mybrazil.co.uk\/en\/wp-json\/wp\/v2\/product_tag?post=5445"}],"curies":[{"name":"wp","href":"https:\/\/api.w.org\/{rel}","templated":true}]}}