{"id":5413,"date":"2024-10-09T04:23:01","date_gmt":"2024-10-09T03:23:01","guid":{"rendered":"https:\/\/mybrazil.co.uk\/produto\/paleta-s-osso-lmc-sholder\/"},"modified":"2026-04-22T10:10:50","modified_gmt":"2026-04-22T09:10:50","slug":"paleta-s-osso-lmc-sholder","status":"publish","type":"product","link":"https:\/\/mybrazil.co.uk\/en\/shop\/paleta-s-osso-lmc-sholder\/","title":{"rendered":"Paleta sem Osso &#8211; New Zeland"},"content":{"rendered":"<p>A <strong data-start=\"83\" data-end=\"100\">paleta bovina<\/strong> \u00e9 um corte retirado da parte dianteira do boi (regi\u00e3o do ombro). \u00c9 uma carne com fibras mais longas e presen\u00e7a moderada de tecido conjuntivo, o que a torna ideal para prepara\u00e7\u00f5es lentas. Quando cozida corretamente, torna-se macia, suculenta e muito saborosa.<\/p>\n<p data-start=\"363\" data-end=\"391\">\u00c9 bastante utilizada para:<\/p>\n<ul data-start=\"392\" data-end=\"507\">\n<li data-start=\"392\" data-end=\"405\">\n<p data-start=\"394\" data-end=\"405\">Ensopados<\/p>\n<\/li>\n<li data-start=\"406\" data-end=\"425\">\n<p data-start=\"408\" data-end=\"425\">Carne de panela<\/p>\n<\/li>\n<li data-start=\"426\" data-end=\"444\">\n<p data-start=\"428\" data-end=\"444\">Carne desfiada<\/p>\n<\/li>\n<li data-start=\"445\" data-end=\"479\">\n<p data-start=\"447\" data-end=\"479\">Mo\u00edda (hamb\u00farguer, alm\u00f4ndegas)<\/p>\n<\/li>\n<li data-start=\"480\" data-end=\"507\">\n<p data-start=\"482\" data-end=\"507\">Assados de longa coc\u00e7\u00e3o<\/p>\n<\/li>\n<\/ul>","protected":false},"excerpt":{"rendered":"<p>A paleta bovina \u00e9 um corte retirado da parte dianteira do boi (regi\u00e3o do ombro). \u00c9 uma carne com fibras mais longas e presen\u00e7a moderada de tecido conjuntivo, o que a torna ideal para prepara\u00e7\u00f5es lentas. Quando cozida corretamente, torna-se macia, suculenta e muito saborosa. \u00c9 bastante utilizada para: Ensopados Carne de panela Carne desfiada [&hellip;]<\/p>","protected":false},"featured_media":6096,"comment_status":"open","ping_status":"closed","template":"","meta":{"_acf_changed":false,"_glsr_average":0,"_glsr_ranking":0,"_glsr_reviews":0},"product_brand":[],"product_cat":[96,44,33],"product_tag":[],"class_list":{"0":"post-5413","1":"product","2":"type-product","3":"status-publish","4":"has-post-thumbnail","6":"product_cat-bovinos","7":"product_cat-meat","8":"product_cat-ofertas_home","10":"first","11":"instock","12":"sale","13":"taxable","14":"shipping-taxable","15":"purchasable","16":"product-type-simple"},"acf":[],"_links":{"self":[{"href":"https:\/\/mybrazil.co.uk\/en\/wp-json\/wp\/v2\/product\/5413","targetHints":{"allow":["GET"]}}],"collection":[{"href":"https:\/\/mybrazil.co.uk\/en\/wp-json\/wp\/v2\/product"}],"about":[{"href":"https:\/\/mybrazil.co.uk\/en\/wp-json\/wp\/v2\/types\/product"}],"replies":[{"embeddable":true,"href":"https:\/\/mybrazil.co.uk\/en\/wp-json\/wp\/v2\/comments?post=5413"}],"wp:featuredmedia":[{"embeddable":true,"href":"https:\/\/mybrazil.co.uk\/en\/wp-json\/wp\/v2\/media\/6096"}],"wp:attachment":[{"href":"https:\/\/mybrazil.co.uk\/en\/wp-json\/wp\/v2\/media?parent=5413"}],"wp:term":[{"taxonomy":"product_brand","embeddable":true,"href":"https:\/\/mybrazil.co.uk\/en\/wp-json\/wp\/v2\/product_brand?post=5413"},{"taxonomy":"product_cat","embeddable":true,"href":"https:\/\/mybrazil.co.uk\/en\/wp-json\/wp\/v2\/product_cat?post=5413"},{"taxonomy":"product_tag","embeddable":true,"href":"https:\/\/mybrazil.co.uk\/en\/wp-json\/wp\/v2\/product_tag?post=5413"}],"curies":[{"name":"wp","href":"https:\/\/api.w.org\/{rel}","templated":true}]}}