{"id":5405,"date":"2024-10-09T04:22:55","date_gmt":"2024-10-09T03:22:55","guid":{"rendered":"https:\/\/mybrazil.co.uk\/produto\/patinho-knucle\/"},"modified":"2026-04-23T18:07:06","modified_gmt":"2026-04-23T17:07:06","slug":"patinho-knucle","status":"publish","type":"product","link":"https:\/\/mybrazil.co.uk\/en\/shop\/patinho-knucle\/","title":{"rendered":"Patinho Black Angus Jack&#8217;s Creek"},"content":{"rendered":"<p data-start=\"270\" data-end=\"604\"><strong data-start=\"270\" data-end=\"307\">Corte Bovino Patinho Jack\u2019s Creek<\/strong> \u2014 corte magro retirado da parte traseira do boi (regi\u00e3o do cox\u00e3o), conhecido pela textura firme, baixo teor de gordura e sabor suave. Proveniente de gado <strong data-start=\"462\" data-end=\"489\">Black Angus australiano<\/strong> da renomada <span class=\"hover:entity-accent entity-underline inline cursor-pointer align-baseline\"><span class=\"whitespace-normal\">Jack&#8217;s Creek<\/span><\/span>, este corte oferece qualidade superior e padroniza\u00e7\u00e3o premium.<\/p>\n<p data-start=\"606\" data-end=\"840\">Ideal para prepara\u00e7\u00f5es como bifes, carne mo\u00edda, assados magros, carne de panela e pratos do dia a dia com alto valor proteico e menor teor de gordura. Tamb\u00e9m \u00e9 bastante utilizado em dietas equilibradas devido ao seu perfil mais magro.<\/p>","protected":false},"excerpt":{"rendered":"<p>Corte Bovino Patinho Jack\u2019s Creek \u2014 corte magro retirado da parte traseira do boi (regi\u00e3o do cox\u00e3o), conhecido pela textura firme, baixo teor de gordura e sabor suave. Proveniente de gado Black Angus australiano da renomada Jack&#8217;s Creek, este corte oferece qualidade superior e padroniza\u00e7\u00e3o premium. Ideal para prepara\u00e7\u00f5es como bifes, carne mo\u00edda, assados magros, [&hellip;]<\/p>","protected":false},"featured_media":6063,"comment_status":"open","ping_status":"closed","template":"","meta":{"_acf_changed":false,"_glsr_average":0,"_glsr_ranking":0,"_glsr_reviews":0},"product_brand":[],"product_cat":[96,44],"product_tag":[],"class_list":{"0":"post-5405","1":"product","2":"type-product","3":"status-publish","4":"has-post-thumbnail","6":"product_cat-bovinos","7":"product_cat-meat","9":"first","10":"instock","11":"taxable","12":"shipping-taxable","13":"purchasable","14":"product-type-simple"},"acf":[],"_links":{"self":[{"href":"https:\/\/mybrazil.co.uk\/en\/wp-json\/wp\/v2\/product\/5405","targetHints":{"allow":["GET"]}}],"collection":[{"href":"https:\/\/mybrazil.co.uk\/en\/wp-json\/wp\/v2\/product"}],"about":[{"href":"https:\/\/mybrazil.co.uk\/en\/wp-json\/wp\/v2\/types\/product"}],"replies":[{"embeddable":true,"href":"https:\/\/mybrazil.co.uk\/en\/wp-json\/wp\/v2\/comments?post=5405"}],"wp:featuredmedia":[{"embeddable":true,"href":"https:\/\/mybrazil.co.uk\/en\/wp-json\/wp\/v2\/media\/6063"}],"wp:attachment":[{"href":"https:\/\/mybrazil.co.uk\/en\/wp-json\/wp\/v2\/media?parent=5405"}],"wp:term":[{"taxonomy":"product_brand","embeddable":true,"href":"https:\/\/mybrazil.co.uk\/en\/wp-json\/wp\/v2\/product_brand?post=5405"},{"taxonomy":"product_cat","embeddable":true,"href":"https:\/\/mybrazil.co.uk\/en\/wp-json\/wp\/v2\/product_cat?post=5405"},{"taxonomy":"product_tag","embeddable":true,"href":"https:\/\/mybrazil.co.uk\/en\/wp-json\/wp\/v2\/product_tag?post=5405"}],"curies":[{"name":"wp","href":"https:\/\/api.w.org\/{rel}","templated":true}]}}