{"id":5401,"date":"2024-10-09T04:22:52","date_gmt":"2024-10-09T03:22:52","guid":{"rendered":"https:\/\/mybrazil.co.uk\/produto\/fraldinha-bavette\/"},"modified":"2026-04-22T10:17:37","modified_gmt":"2026-04-22T09:17:37","slug":"fraldinha-bavette","status":"publish","type":"product","link":"https:\/\/mybrazil.co.uk\/en\/shop\/fraldinha-bavette\/","title":{"rendered":"Fraldinha &#8211; UK"},"content":{"rendered":"<p><strong data-start=\"310\" data-end=\"351\">Fraldinha \u2013 Corte Bovina Premium (UK)<\/strong> \u00e9 um corte de carne suculento e saboroso, tamb\u00e9m conhecido como <em data-start=\"416\" data-end=\"425\">bavette<\/em> ou <em data-start=\"429\" data-end=\"441\">flap steak<\/em>, muito apreciado no churrasco brasileiro e em grelhados ao estilo europeu. Com fibras longas e textura intensa, este corte oferece um sabor marcante e \u00f3timo rendimento quando preparado em alta temperatura, seja grelhado, assado ou grelhado na brasa. Perfeita para quem busca uma carne vers\u00e1til e cheia de sabor para refei\u00e7\u00f5es em fam\u00edlia ou encontros com amigos.<\/p>","protected":false},"excerpt":{"rendered":"<p>Fraldinha \u2013 Corte Bovina Premium (UK) \u00e9 um corte de carne suculento e saboroso, tamb\u00e9m conhecido como bavette ou flap steak, muito apreciado no churrasco brasileiro e em grelhados ao estilo europeu. Com fibras longas e textura intensa, este corte oferece um sabor marcante e \u00f3timo rendimento quando preparado em alta temperatura, seja grelhado, assado [&hellip;]<\/p>","protected":false},"featured_media":8559,"comment_status":"open","ping_status":"closed","template":"","meta":{"_acf_changed":false,"_glsr_average":0,"_glsr_ranking":0,"_glsr_reviews":0},"product_brand":[],"product_cat":[96,44],"product_tag":[],"class_list":{"0":"post-5401","1":"product","2":"type-product","3":"status-publish","4":"has-post-thumbnail","6":"product_cat-bovinos","7":"product_cat-meat","9":"first","10":"instock","11":"taxable","12":"shipping-taxable","13":"purchasable","14":"product-type-simple"},"acf":[],"_links":{"self":[{"href":"https:\/\/mybrazil.co.uk\/en\/wp-json\/wp\/v2\/product\/5401","targetHints":{"allow":["GET"]}}],"collection":[{"href":"https:\/\/mybrazil.co.uk\/en\/wp-json\/wp\/v2\/product"}],"about":[{"href":"https:\/\/mybrazil.co.uk\/en\/wp-json\/wp\/v2\/types\/product"}],"replies":[{"embeddable":true,"href":"https:\/\/mybrazil.co.uk\/en\/wp-json\/wp\/v2\/comments?post=5401"}],"wp:featuredmedia":[{"embeddable":true,"href":"https:\/\/mybrazil.co.uk\/en\/wp-json\/wp\/v2\/media\/8559"}],"wp:attachment":[{"href":"https:\/\/mybrazil.co.uk\/en\/wp-json\/wp\/v2\/media?parent=5401"}],"wp:term":[{"taxonomy":"product_brand","embeddable":true,"href":"https:\/\/mybrazil.co.uk\/en\/wp-json\/wp\/v2\/product_brand?post=5401"},{"taxonomy":"product_cat","embeddable":true,"href":"https:\/\/mybrazil.co.uk\/en\/wp-json\/wp\/v2\/product_cat?post=5401"},{"taxonomy":"product_tag","embeddable":true,"href":"https:\/\/mybrazil.co.uk\/en\/wp-json\/wp\/v2\/product_tag?post=5401"}],"curies":[{"name":"wp","href":"https:\/\/api.w.org\/{rel}","templated":true}]}}