{"id":5397,"date":"2024-10-09T04:22:49","date_gmt":"2024-10-09T03:22:49","guid":{"rendered":"https:\/\/mybrazil.co.uk\/produto\/cupim-hump\/"},"modified":"2026-04-02T18:35:09","modified_gmt":"2026-04-02T17:35:09","slug":"cupim-hump","status":"publish","type":"product","link":"https:\/\/mybrazil.co.uk\/en\/shop\/cupim-hump\/","title":{"rendered":"Cupim &#8211; Brasileiro Friboi (950g &#8211; 1050g)"},"content":{"rendered":"<p>Cupim &#8211; Brasileiro Friboi (950g &#8211; 1050g)\u2014 corte bovino t\u00edpico da culin\u00e1ria brasileira, extra\u00eddo da regi\u00e3o da corcova (atr\u00e1s do pesco\u00e7o) de bovinos zebu\u00ednos. Apresenta <strong data-start=\"210\" data-end=\"262\">alta marmoriza\u00e7\u00e3o de gordura entremeada na carne<\/strong>, o que confere sabor intenso, sucul\u00eancia incompar\u00e1vel e textura macia quando preparado lentamente. \u00c9 muito apreciado em churrascos, assados lentos, grelhados de baixa temperatura ou cozidos que valorizam sua gordura derretida e sabor marcante.<\/p>","protected":false},"excerpt":{"rendered":"<p>Cupim &#8211; Brasileiro Friboi (950g &#8211; 1050g)\u2014 corte bovino t\u00edpico da culin\u00e1ria brasileira, extra\u00eddo da regi\u00e3o da corcova (atr\u00e1s do pesco\u00e7o) de bovinos zebu\u00ednos. Apresenta alta marmoriza\u00e7\u00e3o de gordura entremeada na carne, o que confere sabor intenso, sucul\u00eancia incompar\u00e1vel e textura macia quando preparado lentamente. \u00c9 muito apreciado em churrascos, assados lentos, grelhados de baixa [&hellip;]<\/p>","protected":false},"featured_media":8473,"comment_status":"open","ping_status":"closed","template":"","meta":{"_acf_changed":false,"_glsr_average":0,"_glsr_ranking":0,"_glsr_reviews":0},"product_brand":[],"product_cat":[96,44],"product_tag":[],"class_list":{"0":"post-5397","1":"product","2":"type-product","3":"status-publish","4":"has-post-thumbnail","6":"product_cat-bovinos","7":"product_cat-meat","9":"first","10":"instock","11":"taxable","12":"shipping-taxable","13":"purchasable","14":"product-type-simple"},"acf":[],"_links":{"self":[{"href":"https:\/\/mybrazil.co.uk\/en\/wp-json\/wp\/v2\/product\/5397","targetHints":{"allow":["GET"]}}],"collection":[{"href":"https:\/\/mybrazil.co.uk\/en\/wp-json\/wp\/v2\/product"}],"about":[{"href":"https:\/\/mybrazil.co.uk\/en\/wp-json\/wp\/v2\/types\/product"}],"replies":[{"embeddable":true,"href":"https:\/\/mybrazil.co.uk\/en\/wp-json\/wp\/v2\/comments?post=5397"}],"wp:featuredmedia":[{"embeddable":true,"href":"https:\/\/mybrazil.co.uk\/en\/wp-json\/wp\/v2\/media\/8473"}],"wp:attachment":[{"href":"https:\/\/mybrazil.co.uk\/en\/wp-json\/wp\/v2\/media?parent=5397"}],"wp:term":[{"taxonomy":"product_brand","embeddable":true,"href":"https:\/\/mybrazil.co.uk\/en\/wp-json\/wp\/v2\/product_brand?post=5397"},{"taxonomy":"product_cat","embeddable":true,"href":"https:\/\/mybrazil.co.uk\/en\/wp-json\/wp\/v2\/product_cat?post=5397"},{"taxonomy":"product_tag","embeddable":true,"href":"https:\/\/mybrazil.co.uk\/en\/wp-json\/wp\/v2\/product_tag?post=5397"}],"curies":[{"name":"wp","href":"https:\/\/api.w.org\/{rel}","templated":true}]}}