{"id":5395,"date":"2024-10-09T04:22:47","date_gmt":"2024-10-09T03:22:47","guid":{"rendered":"https:\/\/mybrazil.co.uk\/produto\/costela-s-osso-flank-boneless\/"},"modified":"2026-02-13T17:58:22","modified_gmt":"2026-02-13T17:58:22","slug":"costela-s-osso-flank-boneless","status":"publish","type":"product","link":"https:\/\/mybrazil.co.uk\/en\/shop\/costela-s-osso-flank-boneless\/","title":{"rendered":"Costela sem Osso &#8211; UK"},"content":{"rendered":"<p>Costela bovina <strong data-start=\"267\" data-end=\"279\">sem osso<\/strong> (boneless beef ribs \/ boneless flank) \u2014 corte suculento e vers\u00e1til de carne bovina, vendido por <strong data-start=\"376\" data-end=\"382\">kg<\/strong> ou em pe\u00e7as preparadas no Reino Unido. Esse corte re\u00fane a <strong data-start=\"441\" data-end=\"476\">intensidade de sabor da costela<\/strong> com a praticidade de n\u00e3o ter ossos \u2014 ideal para <strong data-start=\"525\" data-end=\"594\">assados lentos, churrascos, grelhados, panela de press\u00e3o ou forno<\/strong>. A gordura e a marmoriza\u00e7\u00e3o garantem sucul\u00eancia e sabor marcante, com textura que se desfaz com cozimento lento. Perfeita para fam\u00edlias, refei\u00e7\u00f5es especiais ou receitas brasileiras como <em data-start=\"781\" data-end=\"818\">assados, cozidos e costela desfiada<\/em>.<\/p>","protected":false},"excerpt":{"rendered":"<p>Costela bovina sem osso (boneless beef ribs \/ boneless flank) \u2014 corte suculento e vers\u00e1til de carne bovina, vendido por kg ou em pe\u00e7as preparadas no Reino Unido. Esse corte re\u00fane a intensidade de sabor da costela com a praticidade de n\u00e3o ter ossos \u2014 ideal para assados lentos, churrascos, grelhados, panela de press\u00e3o ou [&hellip;]<\/p>","protected":false},"featured_media":6060,"comment_status":"open","ping_status":"closed","template":"","meta":{"_acf_changed":false,"_glsr_average":0,"_glsr_ranking":0,"_glsr_reviews":0},"product_brand":[],"product_cat":[96,44],"product_tag":[],"class_list":{"0":"post-5395","1":"product","2":"type-product","3":"status-publish","4":"has-post-thumbnail","6":"product_cat-bovinos","7":"product_cat-meat","9":"first","10":"instock","11":"taxable","12":"shipping-taxable","13":"purchasable","14":"product-type-simple"},"acf":[],"_links":{"self":[{"href":"https:\/\/mybrazil.co.uk\/en\/wp-json\/wp\/v2\/product\/5395","targetHints":{"allow":["GET"]}}],"collection":[{"href":"https:\/\/mybrazil.co.uk\/en\/wp-json\/wp\/v2\/product"}],"about":[{"href":"https:\/\/mybrazil.co.uk\/en\/wp-json\/wp\/v2\/types\/product"}],"replies":[{"embeddable":true,"href":"https:\/\/mybrazil.co.uk\/en\/wp-json\/wp\/v2\/comments?post=5395"}],"wp:featuredmedia":[{"embeddable":true,"href":"https:\/\/mybrazil.co.uk\/en\/wp-json\/wp\/v2\/media\/6060"}],"wp:attachment":[{"href":"https:\/\/mybrazil.co.uk\/en\/wp-json\/wp\/v2\/media?parent=5395"}],"wp:term":[{"taxonomy":"product_brand","embeddable":true,"href":"https:\/\/mybrazil.co.uk\/en\/wp-json\/wp\/v2\/product_brand?post=5395"},{"taxonomy":"product_cat","embeddable":true,"href":"https:\/\/mybrazil.co.uk\/en\/wp-json\/wp\/v2\/product_cat?post=5395"},{"taxonomy":"product_tag","embeddable":true,"href":"https:\/\/mybrazil.co.uk\/en\/wp-json\/wp\/v2\/product_tag?post=5395"}],"curies":[{"name":"wp","href":"https:\/\/api.w.org\/{rel}","templated":true}]}}