{"id":5394,"date":"2024-10-09T04:22:46","date_gmt":"2024-10-09T03:22:46","guid":{"rendered":"https:\/\/mybrazil.co.uk\/produto\/costela-c-osso-flank-on-bone\/"},"modified":"2026-04-21T18:11:09","modified_gmt":"2026-04-21T17:11:09","slug":"costela-c-osso-flank-on-bone","status":"publish","type":"product","link":"https:\/\/mybrazil.co.uk\/en\/shop\/costela-c-osso-flank-on-bone\/","title":{"rendered":"Costela com Osso &#8211; UK"},"content":{"rendered":"<p><strong data-start=\"466\" data-end=\"503\">Costela Bovina com Osso \u2013 UK (Kg)<\/strong> \u00e9 um dos cortes mais saborosos e suculentos da carne bovina, ideal para churrascos, assados lentos, grelhados ou cozidos. Proveniente da se\u00e7\u00e3o da caixa tor\u00e1cica do animal, a carne com osso mant\u00e9m mais sucul\u00eancia e um sabor profundo, pois os ossos ajudam a conservar a umidade e desenvolver aroma durante o cozimento. Excelente escolha para pratos tradicionais, churrasco estilo brasileiro ou jantar de domingo, essa costela oferece textura macia e sabor intenso quando preparada lentamente em fogo baixo ou forno.<\/p>","protected":false},"excerpt":{"rendered":"<p>Costela Bovina com Osso \u2013 UK (Kg) \u00e9 um dos cortes mais saborosos e suculentos da carne bovina, ideal para churrascos, assados lentos, grelhados ou cozidos. Proveniente da se\u00e7\u00e3o da caixa tor\u00e1cica do animal, a carne com osso mant\u00e9m mais sucul\u00eancia e um sabor profundo, pois os ossos ajudam a conservar a umidade e desenvolver [&hellip;]<\/p>","protected":false},"featured_media":9001,"comment_status":"open","ping_status":"closed","template":"","meta":{"_acf_changed":false,"_glsr_average":0,"_glsr_ranking":0,"_glsr_reviews":0},"product_brand":[],"product_cat":[96,44],"product_tag":[],"class_list":{"0":"post-5394","1":"product","2":"type-product","3":"status-publish","4":"has-post-thumbnail","6":"product_cat-bovinos","7":"product_cat-meat","9":"first","10":"instock","11":"taxable","12":"shipping-taxable","13":"purchasable","14":"product-type-simple"},"acf":[],"_links":{"self":[{"href":"https:\/\/mybrazil.co.uk\/en\/wp-json\/wp\/v2\/product\/5394","targetHints":{"allow":["GET"]}}],"collection":[{"href":"https:\/\/mybrazil.co.uk\/en\/wp-json\/wp\/v2\/product"}],"about":[{"href":"https:\/\/mybrazil.co.uk\/en\/wp-json\/wp\/v2\/types\/product"}],"replies":[{"embeddable":true,"href":"https:\/\/mybrazil.co.uk\/en\/wp-json\/wp\/v2\/comments?post=5394"}],"wp:featuredmedia":[{"embeddable":true,"href":"https:\/\/mybrazil.co.uk\/en\/wp-json\/wp\/v2\/media\/9001"}],"wp:attachment":[{"href":"https:\/\/mybrazil.co.uk\/en\/wp-json\/wp\/v2\/media?parent=5394"}],"wp:term":[{"taxonomy":"product_brand","embeddable":true,"href":"https:\/\/mybrazil.co.uk\/en\/wp-json\/wp\/v2\/product_brand?post=5394"},{"taxonomy":"product_cat","embeddable":true,"href":"https:\/\/mybrazil.co.uk\/en\/wp-json\/wp\/v2\/product_cat?post=5394"},{"taxonomy":"product_tag","embeddable":true,"href":"https:\/\/mybrazil.co.uk\/en\/wp-json\/wp\/v2\/product_tag?post=5394"}],"curies":[{"name":"wp","href":"https:\/\/api.w.org\/{rel}","templated":true}]}}