{"id":5384,"date":"2024-10-09T04:22:39","date_gmt":"2024-10-09T03:22:39","guid":{"rendered":"https:\/\/mybrazil.co.uk\/produto\/cochao-mole-topside\/"},"modified":"2026-04-23T18:07:05","modified_gmt":"2026-04-23T17:07:05","slug":"cochao-mole-topside","status":"publish","type":"product","link":"https:\/\/mybrazil.co.uk\/en\/shop\/cochao-mole-topside\/","title":{"rendered":"Coxao Mole New Zeland"},"content":{"rendered":"<p><strong data-start=\"398\" data-end=\"445\">Cox\u00e3o Mole (Topside) \u2013 Corte Bovina Premium<\/strong> \u00e9 um corte cl\u00e1ssico de carne bovina localizado na parte traseira do animal, pr\u00f3ximo \u00e0 coxa, conhecido por sua <strong data-start=\"556\" data-end=\"612\">textura macia, sabor suave e versatilidade culin\u00e1ria<\/strong>. Este corte \u00e9 ideal para uso em churrascos, grelhados, assados, bifes, estrogonofe, ensopados e picadinhos, absorvendo temperos e marinadas com facilidade e proporcionando resultados suculentos e deliciosos.<\/p>","protected":false},"excerpt":{"rendered":"<p>Cox\u00e3o Mole (Topside) \u2013 Corte Bovina Premium \u00e9 um corte cl\u00e1ssico de carne bovina localizado na parte traseira do animal, pr\u00f3ximo \u00e0 coxa, conhecido por sua textura macia, sabor suave e versatilidade culin\u00e1ria. Este corte \u00e9 ideal para uso em churrascos, grelhados, assados, bifes, estrogonofe, ensopados e picadinhos, absorvendo temperos e marinadas com facilidade e [&hellip;]<\/p>","protected":false},"featured_media":6018,"comment_status":"open","ping_status":"closed","template":"","meta":{"_acf_changed":false,"_glsr_average":0,"_glsr_ranking":0,"_glsr_reviews":0},"product_brand":[],"product_cat":[96,44],"product_tag":[],"class_list":{"0":"post-5384","1":"product","2":"type-product","3":"status-publish","4":"has-post-thumbnail","6":"product_cat-bovinos","7":"product_cat-meat","9":"first","10":"instock","11":"taxable","12":"shipping-taxable","13":"purchasable","14":"product-type-simple"},"acf":[],"_links":{"self":[{"href":"https:\/\/mybrazil.co.uk\/en\/wp-json\/wp\/v2\/product\/5384","targetHints":{"allow":["GET"]}}],"collection":[{"href":"https:\/\/mybrazil.co.uk\/en\/wp-json\/wp\/v2\/product"}],"about":[{"href":"https:\/\/mybrazil.co.uk\/en\/wp-json\/wp\/v2\/types\/product"}],"replies":[{"embeddable":true,"href":"https:\/\/mybrazil.co.uk\/en\/wp-json\/wp\/v2\/comments?post=5384"}],"wp:featuredmedia":[{"embeddable":true,"href":"https:\/\/mybrazil.co.uk\/en\/wp-json\/wp\/v2\/media\/6018"}],"wp:attachment":[{"href":"https:\/\/mybrazil.co.uk\/en\/wp-json\/wp\/v2\/media?parent=5384"}],"wp:term":[{"taxonomy":"product_brand","embeddable":true,"href":"https:\/\/mybrazil.co.uk\/en\/wp-json\/wp\/v2\/product_brand?post=5384"},{"taxonomy":"product_cat","embeddable":true,"href":"https:\/\/mybrazil.co.uk\/en\/wp-json\/wp\/v2\/product_cat?post=5384"},{"taxonomy":"product_tag","embeddable":true,"href":"https:\/\/mybrazil.co.uk\/en\/wp-json\/wp\/v2\/product_tag?post=5384"}],"curies":[{"name":"wp","href":"https:\/\/api.w.org\/{rel}","templated":true}]}}