{"id":5368,"date":"2024-10-09T04:22:23","date_gmt":"2024-10-09T03:22:23","guid":{"rendered":"https:\/\/mybrazil.co.uk\/produto\/goiabinha-predilecta-mini-guava-pasta\/"},"modified":"2026-03-20T17:12:46","modified_gmt":"2026-03-20T17:12:46","slug":"goiabinha-predilecta-mini-guava-pasta","status":"publish","type":"product","link":"https:\/\/mybrazil.co.uk\/en\/shop\/goiabinha-predilecta-mini-guava-pasta\/","title":{"rendered":"Goiabinha Predilecta 30gr"},"content":{"rendered":"<p>Goiabada Turma da M\u00f4nica 30 g \u2014 um doce cl\u00e1ssico em por\u00e7\u00e3o individual, perfeito para toda a fam\u00edlia. Feito com polpa de goiaba selecionada e a\u00e7\u00facar, traz o sabor marcante e divertido da Turma da M\u00f4nica. Ideal para servir puro, acompanhar queijos ou usar como ingrediente em bolos, tortas e sobremesas \u2014 sabor, praticidade e um toque l\u00fadico em cada mordida.<\/p>","protected":false},"excerpt":{"rendered":"<p>Goiabada Turma da M\u00f4nica 30 g \u2014 um doce cl\u00e1ssico em por\u00e7\u00e3o individual, perfeito para toda a fam\u00edlia. Feito com polpa de goiaba selecionada e a\u00e7\u00facar, traz o sabor marcante e divertido da Turma da M\u00f4nica. Ideal para servir puro, acompanhar queijos ou usar como ingrediente em bolos, tortas e sobremesas \u2014 sabor, praticidade e [&hellip;]<\/p>","protected":false},"featured_media":9073,"comment_status":"open","ping_status":"closed","template":"","meta":{"_acf_changed":false,"_glsr_average":0,"_glsr_ranking":0,"_glsr_reviews":0},"product_brand":[],"product_cat":[46],"product_tag":[],"class_list":{"0":"post-5368","1":"product","2":"type-product","3":"status-publish","4":"has-post-thumbnail","6":"product_cat-sweets","8":"first","9":"instock","10":"taxable","11":"shipping-taxable","12":"purchasable","13":"product-type-simple"},"acf":[],"_links":{"self":[{"href":"https:\/\/mybrazil.co.uk\/en\/wp-json\/wp\/v2\/product\/5368","targetHints":{"allow":["GET"]}}],"collection":[{"href":"https:\/\/mybrazil.co.uk\/en\/wp-json\/wp\/v2\/product"}],"about":[{"href":"https:\/\/mybrazil.co.uk\/en\/wp-json\/wp\/v2\/types\/product"}],"replies":[{"embeddable":true,"href":"https:\/\/mybrazil.co.uk\/en\/wp-json\/wp\/v2\/comments?post=5368"}],"wp:featuredmedia":[{"embeddable":true,"href":"https:\/\/mybrazil.co.uk\/en\/wp-json\/wp\/v2\/media\/9073"}],"wp:attachment":[{"href":"https:\/\/mybrazil.co.uk\/en\/wp-json\/wp\/v2\/media?parent=5368"}],"wp:term":[{"taxonomy":"product_brand","embeddable":true,"href":"https:\/\/mybrazil.co.uk\/en\/wp-json\/wp\/v2\/product_brand?post=5368"},{"taxonomy":"product_cat","embeddable":true,"href":"https:\/\/mybrazil.co.uk\/en\/wp-json\/wp\/v2\/product_cat?post=5368"},{"taxonomy":"product_tag","embeddable":true,"href":"https:\/\/mybrazil.co.uk\/en\/wp-json\/wp\/v2\/product_tag?post=5368"}],"curies":[{"name":"wp","href":"https:\/\/api.w.org\/{rel}","templated":true}]}}