{"id":5365,"date":"2024-10-09T04:22:19","date_gmt":"2024-10-09T03:22:19","guid":{"rendered":"https:\/\/mybrazil.co.uk\/produto\/cuscuzeira-media\/"},"modified":"2026-03-07T13:19:42","modified_gmt":"2026-03-07T13:19:42","slug":"cuscuzeira-media","status":"publish","type":"product","link":"https:\/\/mybrazil.co.uk\/en\/shop\/cuscuzeira-media\/","title":{"rendered":"Cuscuzeira Nordestino Grande"},"content":{"rendered":"<p>Com o <strong data-start=\"243\" data-end=\"275\">Cuscuzeiro Nordestino Grande<\/strong>, o tradicional cuscuz fica pronto em minutos \u2014 macio, saboroso e cheio de lembran\u00e7as boas. Perfeito para o caf\u00e9 da manh\u00e3 ou jantar!<\/p>","protected":false},"excerpt":{"rendered":"<p>Com o Cuscuzeiro Nordestino Grande, o tradicional cuscuz fica pronto em minutos \u2014 macio, saboroso e cheio de lembran\u00e7as boas. Perfeito para o caf\u00e9 da manh\u00e3 ou jantar!<\/p>","protected":false},"featured_media":9462,"comment_status":"open","ping_status":"closed","template":"","meta":{"_acf_changed":false,"_glsr_average":0,"_glsr_ranking":0,"_glsr_reviews":0},"product_brand":[],"product_cat":[82,39],"product_tag":[],"class_list":{"0":"post-5365","1":"product","2":"type-product","3":"status-publish","4":"has-post-thumbnail","6":"product_cat-others-2","7":"product_cat-appliance","9":"first","10":"instock","11":"taxable","12":"shipping-taxable","13":"purchasable","14":"product-type-simple"},"acf":[],"_links":{"self":[{"href":"https:\/\/mybrazil.co.uk\/en\/wp-json\/wp\/v2\/product\/5365","targetHints":{"allow":["GET"]}}],"collection":[{"href":"https:\/\/mybrazil.co.uk\/en\/wp-json\/wp\/v2\/product"}],"about":[{"href":"https:\/\/mybrazil.co.uk\/en\/wp-json\/wp\/v2\/types\/product"}],"replies":[{"embeddable":true,"href":"https:\/\/mybrazil.co.uk\/en\/wp-json\/wp\/v2\/comments?post=5365"}],"wp:featuredmedia":[{"embeddable":true,"href":"https:\/\/mybrazil.co.uk\/en\/wp-json\/wp\/v2\/media\/9462"}],"wp:attachment":[{"href":"https:\/\/mybrazil.co.uk\/en\/wp-json\/wp\/v2\/media?parent=5365"}],"wp:term":[{"taxonomy":"product_brand","embeddable":true,"href":"https:\/\/mybrazil.co.uk\/en\/wp-json\/wp\/v2\/product_brand?post=5365"},{"taxonomy":"product_cat","embeddable":true,"href":"https:\/\/mybrazil.co.uk\/en\/wp-json\/wp\/v2\/product_cat?post=5365"},{"taxonomy":"product_tag","embeddable":true,"href":"https:\/\/mybrazil.co.uk\/en\/wp-json\/wp\/v2\/product_tag?post=5365"}],"curies":[{"name":"wp","href":"https:\/\/api.w.org\/{rel}","templated":true}]}}