{"id":5345,"date":"2024-10-09T04:21:55","date_gmt":"2024-10-09T03:21:55","guid":{"rendered":"https:\/\/mybrazil.co.uk\/produto\/farofa-de-milho-temperada-yoki\/"},"modified":"2026-04-19T13:37:20","modified_gmt":"2026-04-19T12:37:20","slug":"farofa-de-milho-temperada-yoki","status":"publish","type":"product","link":"https:\/\/mybrazil.co.uk\/en\/shop\/farofa-de-milho-temperada-yoki\/","title":{"rendered":"Farofa de Milho temperada 400g Yoki"},"content":{"rendered":"<p>Um acompanhamento tradicional brasileiro, pronto para consumo, feito com farinha de milho selecionada e temperos cuidadosamente equilibrados. Possui textura crocante e sabor marcante, com notas de alho, cebola e especiarias que real\u00e7am qualquer refei\u00e7\u00e3o. Ideal para acompanhar churrascos, feij\u00e3o, carnes, aves e pratos do dia a dia, trazendo praticidade e o aut\u00eantico sabor caseiro brasileiro \u00e0 sua mesa.<\/p>","protected":false},"excerpt":{"rendered":"<p>Um acompanhamento tradicional brasileiro, pronto para consumo, feito com farinha de milho selecionada e temperos cuidadosamente equilibrados. Possui textura crocante e sabor marcante, com notas de alho, cebola e especiarias que real\u00e7am qualquer refei\u00e7\u00e3o. Ideal para acompanhar churrascos, feij\u00e3o, carnes, aves e pratos do dia a dia, trazendo praticidade e o aut\u00eantico sabor caseiro brasileiro [&hellip;]<\/p>","protected":false},"featured_media":8158,"comment_status":"open","ping_status":"closed","template":"","meta":{"_acf_changed":false,"_glsr_average":0,"_glsr_ranking":0,"_glsr_reviews":0},"product_brand":[],"product_cat":[103,94,43],"product_tag":[],"class_list":{"0":"post-5345","1":"product","2":"type-product","3":"status-publish","4":"has-post-thumbnail","6":"product_cat-churrasco","7":"product_cat-graos-farinhacos","8":"product_cat-grocery","10":"first","11":"instock","12":"taxable","13":"shipping-taxable","14":"purchasable","15":"product-type-simple"},"acf":[],"_links":{"self":[{"href":"https:\/\/mybrazil.co.uk\/en\/wp-json\/wp\/v2\/product\/5345","targetHints":{"allow":["GET"]}}],"collection":[{"href":"https:\/\/mybrazil.co.uk\/en\/wp-json\/wp\/v2\/product"}],"about":[{"href":"https:\/\/mybrazil.co.uk\/en\/wp-json\/wp\/v2\/types\/product"}],"replies":[{"embeddable":true,"href":"https:\/\/mybrazil.co.uk\/en\/wp-json\/wp\/v2\/comments?post=5345"}],"wp:featuredmedia":[{"embeddable":true,"href":"https:\/\/mybrazil.co.uk\/en\/wp-json\/wp\/v2\/media\/8158"}],"wp:attachment":[{"href":"https:\/\/mybrazil.co.uk\/en\/wp-json\/wp\/v2\/media?parent=5345"}],"wp:term":[{"taxonomy":"product_brand","embeddable":true,"href":"https:\/\/mybrazil.co.uk\/en\/wp-json\/wp\/v2\/product_brand?post=5345"},{"taxonomy":"product_cat","embeddable":true,"href":"https:\/\/mybrazil.co.uk\/en\/wp-json\/wp\/v2\/product_cat?post=5345"},{"taxonomy":"product_tag","embeddable":true,"href":"https:\/\/mybrazil.co.uk\/en\/wp-json\/wp\/v2\/product_tag?post=5345"}],"curies":[{"name":"wp","href":"https:\/\/api.w.org\/{rel}","templated":true}]}}