{"id":5326,"date":"2024-10-09T04:21:32","date_gmt":"2024-10-09T03:21:32","guid":{"rendered":"https:\/\/mybrazil.co.uk\/produto\/pao-de-queijo-800g-sol\/"},"modified":"2026-04-17T15:16:41","modified_gmt":"2026-04-17T14:16:41","slug":"pao-de-queijo-800g-sol","status":"publish","type":"product","link":"https:\/\/mybrazil.co.uk\/en\/shop\/pao-de-queijo-800g-sol\/","title":{"rendered":"Pao de Queijo Sol 800g"},"content":{"rendered":"<p><strong data-start=\"367\" data-end=\"406\">\u00e3o de Queijo Congelado 800 g \u2013 Sol<\/strong> \u2014 p\u00e3o de queijo tradicional brasileiro feito com f\u00e9cula de mandioca e queijo, pronto para assar no forno ou air-fryer. Produto congelado ideal para caf\u00e9 da manh\u00e3, lanches, festas e petiscos. Depois de assado, apresenta interior macio e saboroso com textura dourada por fora.<\/p>","protected":false},"excerpt":{"rendered":"<p>\u00e3o de Queijo Congelado 800 g \u2013 Sol \u2014 p\u00e3o de queijo tradicional brasileiro feito com f\u00e9cula de mandioca e queijo, pronto para assar no forno ou air-fryer. Produto congelado ideal para caf\u00e9 da manh\u00e3, lanches, festas e petiscos. Depois de assado, apresenta interior macio e saboroso com textura dourada por fora.<\/p>","protected":false},"featured_media":6171,"comment_status":"open","ping_status":"closed","template":"","meta":{"_acf_changed":false,"_glsr_average":0,"_glsr_ranking":0,"_glsr_reviews":0},"product_brand":[],"product_cat":[80,43,106],"product_tag":[],"class_list":{"0":"post-5326","1":"product","2":"type-product","3":"status-publish","4":"has-post-thumbnail","6":"product_cat-congelados","7":"product_cat-grocery","8":"product_cat-queijos-e-laticinios","10":"first","11":"instock","12":"taxable","13":"shipping-taxable","14":"purchasable","15":"product-type-simple"},"acf":[],"_links":{"self":[{"href":"https:\/\/mybrazil.co.uk\/en\/wp-json\/wp\/v2\/product\/5326","targetHints":{"allow":["GET"]}}],"collection":[{"href":"https:\/\/mybrazil.co.uk\/en\/wp-json\/wp\/v2\/product"}],"about":[{"href":"https:\/\/mybrazil.co.uk\/en\/wp-json\/wp\/v2\/types\/product"}],"replies":[{"embeddable":true,"href":"https:\/\/mybrazil.co.uk\/en\/wp-json\/wp\/v2\/comments?post=5326"}],"wp:featuredmedia":[{"embeddable":true,"href":"https:\/\/mybrazil.co.uk\/en\/wp-json\/wp\/v2\/media\/6171"}],"wp:attachment":[{"href":"https:\/\/mybrazil.co.uk\/en\/wp-json\/wp\/v2\/media?parent=5326"}],"wp:term":[{"taxonomy":"product_brand","embeddable":true,"href":"https:\/\/mybrazil.co.uk\/en\/wp-json\/wp\/v2\/product_brand?post=5326"},{"taxonomy":"product_cat","embeddable":true,"href":"https:\/\/mybrazil.co.uk\/en\/wp-json\/wp\/v2\/product_cat?post=5326"},{"taxonomy":"product_tag","embeddable":true,"href":"https:\/\/mybrazil.co.uk\/en\/wp-json\/wp\/v2\/product_tag?post=5326"}],"curies":[{"name":"wp","href":"https:\/\/api.w.org\/{rel}","templated":true}]}}