{"id":5297,"date":"2024-10-09T04:21:02","date_gmt":"2024-10-09T03:21:02","guid":{"rendered":"https:\/\/mybrazil.co.uk\/produto\/tapioca-granulada-yoki-500g\/"},"modified":"2026-04-02T17:43:48","modified_gmt":"2026-04-02T16:43:48","slug":"tapioca-granulada-yoki-500g","status":"publish","type":"product","link":"https:\/\/mybrazil.co.uk\/en\/shop\/tapioca-granulada-yoki-500g\/","title":{"rendered":"Tapioca Granulada 500g Yoki"},"content":{"rendered":"<p><strong data-start=\"275\" data-end=\"307\">Tapioca Granulada Yoki 500 g<\/strong> \u00e9 uma f\u00e9cula de mandioca em forma de gr\u00e2nulos naturais, ideal para preparar receitas tradicionais brasileiras como <strong data-start=\"423\" data-end=\"479\">tapioca, sagu, mingaus, pudins e sobremesas diversas<\/strong>. 100% sem gl\u00faten e sem lactose, oferece sabor neutro e textura vers\u00e1til que absorve l\u00edquidos e sabores com facilidade, permitindo varia\u00e7\u00f5es doces ou salgadas. Pode ser hidratada e cozida para se transformar em pratos macios e saborosos<\/p>","protected":false},"excerpt":{"rendered":"<p>Tapioca Granulada Yoki 500 g \u00e9 uma f\u00e9cula de mandioca em forma de gr\u00e2nulos naturais, ideal para preparar receitas tradicionais brasileiras como tapioca, sagu, mingaus, pudins e sobremesas diversas. 100% sem gl\u00faten e sem lactose, oferece sabor neutro e textura vers\u00e1til que absorve l\u00edquidos e sabores com facilidade, permitindo varia\u00e7\u00f5es doces ou salgadas. Pode ser [&hellip;]<\/p>","protected":false},"featured_media":10135,"comment_status":"open","ping_status":"closed","template":"","meta":{"_acf_changed":false,"_glsr_average":0,"_glsr_ranking":0,"_glsr_reviews":0},"product_brand":[],"product_cat":[94,43],"product_tag":[],"class_list":{"0":"post-5297","1":"product","2":"type-product","3":"status-publish","4":"has-post-thumbnail","6":"product_cat-graos-farinhacos","7":"product_cat-grocery","9":"first","10":"instock","11":"taxable","12":"shipping-taxable","13":"purchasable","14":"product-type-simple"},"acf":[],"_links":{"self":[{"href":"https:\/\/mybrazil.co.uk\/en\/wp-json\/wp\/v2\/product\/5297","targetHints":{"allow":["GET"]}}],"collection":[{"href":"https:\/\/mybrazil.co.uk\/en\/wp-json\/wp\/v2\/product"}],"about":[{"href":"https:\/\/mybrazil.co.uk\/en\/wp-json\/wp\/v2\/types\/product"}],"replies":[{"embeddable":true,"href":"https:\/\/mybrazil.co.uk\/en\/wp-json\/wp\/v2\/comments?post=5297"}],"wp:featuredmedia":[{"embeddable":true,"href":"https:\/\/mybrazil.co.uk\/en\/wp-json\/wp\/v2\/media\/10135"}],"wp:attachment":[{"href":"https:\/\/mybrazil.co.uk\/en\/wp-json\/wp\/v2\/media?parent=5297"}],"wp:term":[{"taxonomy":"product_brand","embeddable":true,"href":"https:\/\/mybrazil.co.uk\/en\/wp-json\/wp\/v2\/product_brand?post=5297"},{"taxonomy":"product_cat","embeddable":true,"href":"https:\/\/mybrazil.co.uk\/en\/wp-json\/wp\/v2\/product_cat?post=5297"},{"taxonomy":"product_tag","embeddable":true,"href":"https:\/\/mybrazil.co.uk\/en\/wp-json\/wp\/v2\/product_tag?post=5297"}],"curies":[{"name":"wp","href":"https:\/\/api.w.org\/{rel}","templated":true}]}}