{"id":5279,"date":"2024-10-09T04:20:23","date_gmt":"2024-10-09T03:20:23","guid":{"rendered":"https:\/\/mybrazil.co.uk\/produto\/farinha-de-mandioca-flocada-biju-500g\/"},"modified":"2026-04-21T11:19:08","modified_gmt":"2026-04-21T10:19:08","slug":"farinha-de-mandioca-flocada-biju-500g","status":"publish","type":"product","link":"https:\/\/mybrazil.co.uk\/en\/shop\/farinha-de-mandioca-flocada-biju-500g\/","title":{"rendered":"Farinha de Mandioca Biju Yoki 500g"},"content":{"rendered":"<p><strong data-start=\"135\" data-end=\"207\">Farinha de Mandioca Biju <span class=\"hover:entity-accent entity-underline inline cursor-pointer align-baseline\"><span class=\"whitespace-normal\">Yoki<\/span><\/span> 500 g<\/strong> \u2014 farinha de mandioca do tipo biju, com textura crocante e flocos maiores, ideal para preparar farofas, acompanhar churrascos e pratos t\u00edpicos brasileiros. Produzida a partir da mandioca selecionada, \u00e9 um ingrediente vers\u00e1til que adiciona sabor e textura \u00e0s refei\u00e7\u00f5es do dia a dia.<\/p>","protected":false},"excerpt":{"rendered":"<p>Farinha de Mandioca Biju Yoki 500 g \u2014 farinha de mandioca do tipo biju, com textura crocante e flocos maiores, ideal para preparar farofas, acompanhar churrascos e pratos t\u00edpicos brasileiros. Produzida a partir da mandioca selecionada, \u00e9 um ingrediente vers\u00e1til que adiciona sabor e textura \u00e0s refei\u00e7\u00f5es do dia a dia.<\/p>","protected":false},"featured_media":7628,"comment_status":"open","ping_status":"closed","template":"","meta":{"_acf_changed":false,"_glsr_average":0,"_glsr_ranking":0,"_glsr_reviews":0},"product_brand":[],"product_cat":[94,43],"product_tag":[],"class_list":{"0":"post-5279","1":"product","2":"type-product","3":"status-publish","4":"has-post-thumbnail","6":"product_cat-graos-farinhacos","7":"product_cat-grocery","9":"first","10":"instock","11":"taxable","12":"shipping-taxable","13":"purchasable","14":"product-type-simple"},"acf":[],"_links":{"self":[{"href":"https:\/\/mybrazil.co.uk\/en\/wp-json\/wp\/v2\/product\/5279","targetHints":{"allow":["GET"]}}],"collection":[{"href":"https:\/\/mybrazil.co.uk\/en\/wp-json\/wp\/v2\/product"}],"about":[{"href":"https:\/\/mybrazil.co.uk\/en\/wp-json\/wp\/v2\/types\/product"}],"replies":[{"embeddable":true,"href":"https:\/\/mybrazil.co.uk\/en\/wp-json\/wp\/v2\/comments?post=5279"}],"wp:featuredmedia":[{"embeddable":true,"href":"https:\/\/mybrazil.co.uk\/en\/wp-json\/wp\/v2\/media\/7628"}],"wp:attachment":[{"href":"https:\/\/mybrazil.co.uk\/en\/wp-json\/wp\/v2\/media?parent=5279"}],"wp:term":[{"taxonomy":"product_brand","embeddable":true,"href":"https:\/\/mybrazil.co.uk\/en\/wp-json\/wp\/v2\/product_brand?post=5279"},{"taxonomy":"product_cat","embeddable":true,"href":"https:\/\/mybrazil.co.uk\/en\/wp-json\/wp\/v2\/product_cat?post=5279"},{"taxonomy":"product_tag","embeddable":true,"href":"https:\/\/mybrazil.co.uk\/en\/wp-json\/wp\/v2\/product_tag?post=5279"}],"curies":[{"name":"wp","href":"https:\/\/api.w.org\/{rel}","templated":true}]}}