{"id":5276,"date":"2024-10-09T04:20:18","date_gmt":"2024-10-09T03:20:18","guid":{"rendered":"https:\/\/mybrazil.co.uk\/produto\/canjica-amarela-yellow-corn-geits-500g\/"},"modified":"2026-02-23T11:32:23","modified_gmt":"2026-02-23T11:32:23","slug":"canjica-amarela-yellow-corn-geits-500g","status":"publish","type":"product","link":"https:\/\/mybrazil.co.uk\/en\/shop\/canjica-amarela-yellow-corn-geits-500g\/","title":{"rendered":"Canjica Amarela Yoki 500g"},"content":{"rendered":"<p><strong data-start=\"273\" data-end=\"303\">Canjica Amarela Yoki 500 g<\/strong> \u2014 gr\u00e3os de milho amarelo descascado e seco, prontos para hidratar e cozinhar. Um ingrediente cl\u00e1ssico da culin\u00e1ria junina brasileira, ideal para preparar canjica doce com leite, leite condensado e especiarias, bem como vers\u00f5es salgadas como mingaus cremosos. Produto da linha de gr\u00e3os da Yoki, de f\u00e1cil preparo e armazenamento.<\/p>","protected":false},"excerpt":{"rendered":"<p>Canjica Amarela Yoki 500 g \u2014 gr\u00e3os de milho amarelo descascado e seco, prontos para hidratar e cozinhar. Um ingrediente cl\u00e1ssico da culin\u00e1ria junina brasileira, ideal para preparar canjica doce com leite, leite condensado e especiarias, bem como vers\u00f5es salgadas como mingaus cremosos. Produto da linha de gr\u00e3os da Yoki, de f\u00e1cil preparo e armazenamento.<\/p>","protected":false},"featured_media":9586,"comment_status":"open","ping_status":"closed","template":"","meta":{"_acf_changed":false,"_glsr_average":0,"_glsr_ranking":0,"_glsr_reviews":0},"product_brand":[],"product_cat":[94,43],"product_tag":[],"class_list":{"0":"post-5276","1":"product","2":"type-product","3":"status-publish","4":"has-post-thumbnail","6":"product_cat-graos-farinhacos","7":"product_cat-grocery","9":"first","10":"outofstock","11":"taxable","12":"shipping-taxable","13":"purchasable","14":"product-type-simple"},"acf":[],"_links":{"self":[{"href":"https:\/\/mybrazil.co.uk\/en\/wp-json\/wp\/v2\/product\/5276","targetHints":{"allow":["GET"]}}],"collection":[{"href":"https:\/\/mybrazil.co.uk\/en\/wp-json\/wp\/v2\/product"}],"about":[{"href":"https:\/\/mybrazil.co.uk\/en\/wp-json\/wp\/v2\/types\/product"}],"replies":[{"embeddable":true,"href":"https:\/\/mybrazil.co.uk\/en\/wp-json\/wp\/v2\/comments?post=5276"}],"wp:featuredmedia":[{"embeddable":true,"href":"https:\/\/mybrazil.co.uk\/en\/wp-json\/wp\/v2\/media\/9586"}],"wp:attachment":[{"href":"https:\/\/mybrazil.co.uk\/en\/wp-json\/wp\/v2\/media?parent=5276"}],"wp:term":[{"taxonomy":"product_brand","embeddable":true,"href":"https:\/\/mybrazil.co.uk\/en\/wp-json\/wp\/v2\/product_brand?post=5276"},{"taxonomy":"product_cat","embeddable":true,"href":"https:\/\/mybrazil.co.uk\/en\/wp-json\/wp\/v2\/product_cat?post=5276"},{"taxonomy":"product_tag","embeddable":true,"href":"https:\/\/mybrazil.co.uk\/en\/wp-json\/wp\/v2\/product_tag?post=5276"}],"curies":[{"name":"wp","href":"https:\/\/api.w.org\/{rel}","templated":true}]}}