{"id":2509,"date":"2024-08-28T23:06:51","date_gmt":"2024-08-28T22:06:51","guid":{"rendered":"https:\/\/mybrazil.co.uk\/produto\/cerveja-skol-beats-skol-beer-269ml\/"},"modified":"2026-04-21T13:55:09","modified_gmt":"2026-04-21T12:55:09","slug":"cerveja-skol-beats-skol-beer-269ml","status":"publish","type":"product","link":"https:\/\/mybrazil.co.uk\/en\/shop\/cerveja-skol-beats-skol-beer-269ml\/","title":{"rendered":"Cerveja Skol beats 269ml"},"content":{"rendered":"<p><strong data-start=\"149\" data-end=\"177\">Cerveja Skol Beats 269ml<\/strong> \u00e9 uma bebida alco\u00f3lica leve, refrescante e levemente gaseificada, conhecida pelo seu sabor suave com toque c\u00edtrico e perfil moderno. Diferente das cervejas tradicionais, apresenta menor amargor e maior leveza, sendo ideal para quem procura uma bebida f\u00e1cil de beber. Perfeita para festas, eventos e momentos de descontra\u00e7\u00e3o, deve ser consumida bem gelada para melhor experi\u00eancia. A lata de 269 ml \u00e9 pr\u00e1tica e ideal para consumo individual.<\/p>","protected":false},"excerpt":{"rendered":"<p>Cerveja Skol Beats 269ml \u00e9 uma bebida alco\u00f3lica leve, refrescante e levemente gaseificada, conhecida pelo seu sabor suave com toque c\u00edtrico e perfil moderno. Diferente das cervejas tradicionais, apresenta menor amargor e maior leveza, sendo ideal para quem procura uma bebida f\u00e1cil de beber. Perfeita para festas, eventos e momentos de descontra\u00e7\u00e3o, deve ser consumida [&hellip;]<\/p>","protected":false},"featured_media":3182,"comment_status":"open","ping_status":"closed","template":"","meta":{"_acf_changed":false,"_glsr_average":0,"_glsr_ranking":0,"_glsr_reviews":0},"product_brand":[],"product_cat":[42,89],"product_tag":[],"class_list":{"0":"post-2509","1":"product","2":"type-product","3":"status-publish","4":"has-post-thumbnail","6":"product_cat-drink","7":"product_cat-beer-wine-alcoholic-spirits","9":"first","10":"instock","11":"taxable","12":"shipping-taxable","13":"purchasable","14":"product-type-simple"},"acf":[],"_links":{"self":[{"href":"https:\/\/mybrazil.co.uk\/en\/wp-json\/wp\/v2\/product\/2509","targetHints":{"allow":["GET"]}}],"collection":[{"href":"https:\/\/mybrazil.co.uk\/en\/wp-json\/wp\/v2\/product"}],"about":[{"href":"https:\/\/mybrazil.co.uk\/en\/wp-json\/wp\/v2\/types\/product"}],"replies":[{"embeddable":true,"href":"https:\/\/mybrazil.co.uk\/en\/wp-json\/wp\/v2\/comments?post=2509"}],"wp:featuredmedia":[{"embeddable":true,"href":"https:\/\/mybrazil.co.uk\/en\/wp-json\/wp\/v2\/media\/3182"}],"wp:attachment":[{"href":"https:\/\/mybrazil.co.uk\/en\/wp-json\/wp\/v2\/media?parent=2509"}],"wp:term":[{"taxonomy":"product_brand","embeddable":true,"href":"https:\/\/mybrazil.co.uk\/en\/wp-json\/wp\/v2\/product_brand?post=2509"},{"taxonomy":"product_cat","embeddable":true,"href":"https:\/\/mybrazil.co.uk\/en\/wp-json\/wp\/v2\/product_cat?post=2509"},{"taxonomy":"product_tag","embeddable":true,"href":"https:\/\/mybrazil.co.uk\/en\/wp-json\/wp\/v2\/product_tag?post=2509"}],"curies":[{"name":"wp","href":"https:\/\/api.w.org\/{rel}","templated":true}]}}