{"id":2506,"date":"2024-08-28T23:06:50","date_gmt":"2024-08-28T22:06:50","guid":{"rendered":"https:\/\/mybrazil.co.uk\/produto\/cha-matte-leao-granel-100gtea\/"},"modified":"2026-04-14T17:17:11","modified_gmt":"2026-04-14T16:17:11","slug":"cha-matte-leao-granel-100gtea","status":"publish","type":"product","link":"https:\/\/mybrazil.co.uk\/en\/shop\/cha-matte-leao-granel-100gtea\/","title":{"rendered":"Ch\u00e1 Matte Le\u00e3o Granel 100g"},"content":{"rendered":"<p>Ch\u00e1 Matte Le\u00e3o a granel 100 g \u2014 o leg\u00edtimo ch\u00e1 de erva-mate tostada, agora em formato a granel para quem prefere preparar infus\u00f5es personalizadas. Com sabor tradicional e aut\u00eantico, pode ser apreciado quente ou gelado. Ideal para consumos di\u00e1rios ou para compor blends com lim\u00e3o, canela e outras ervas. Sem gl\u00faten, sem calorias, apenas puro sabor e praticidade.<\/p>","protected":false},"excerpt":{"rendered":"<p>Ch\u00e1 Matte Le\u00e3o a granel 100 g \u2014 o leg\u00edtimo ch\u00e1 de erva-mate tostada, agora em formato a granel para quem prefere preparar infus\u00f5es personalizadas. Com sabor tradicional e aut\u00eantico, pode ser apreciado quente ou gelado. Ideal para consumos di\u00e1rios ou para compor blends com lim\u00e3o, canela e outras ervas. Sem gl\u00faten, sem calorias, apenas [&hellip;]<\/p>","protected":false},"featured_media":3016,"comment_status":"open","ping_status":"closed","template":"","meta":{"_acf_changed":false,"_glsr_average":0,"_glsr_ranking":0,"_glsr_reviews":0},"product_brand":[],"product_cat":[93,43],"product_tag":[],"class_list":{"0":"post-2506","1":"product","2":"type-product","3":"status-publish","4":"has-post-thumbnail","6":"product_cat-chas-ervas","7":"product_cat-grocery","9":"first","10":"instock","11":"taxable","12":"shipping-taxable","13":"purchasable","14":"product-type-simple"},"acf":[],"_links":{"self":[{"href":"https:\/\/mybrazil.co.uk\/en\/wp-json\/wp\/v2\/product\/2506","targetHints":{"allow":["GET"]}}],"collection":[{"href":"https:\/\/mybrazil.co.uk\/en\/wp-json\/wp\/v2\/product"}],"about":[{"href":"https:\/\/mybrazil.co.uk\/en\/wp-json\/wp\/v2\/types\/product"}],"replies":[{"embeddable":true,"href":"https:\/\/mybrazil.co.uk\/en\/wp-json\/wp\/v2\/comments?post=2506"}],"wp:featuredmedia":[{"embeddable":true,"href":"https:\/\/mybrazil.co.uk\/en\/wp-json\/wp\/v2\/media\/3016"}],"wp:attachment":[{"href":"https:\/\/mybrazil.co.uk\/en\/wp-json\/wp\/v2\/media?parent=2506"}],"wp:term":[{"taxonomy":"product_brand","embeddable":true,"href":"https:\/\/mybrazil.co.uk\/en\/wp-json\/wp\/v2\/product_brand?post=2506"},{"taxonomy":"product_cat","embeddable":true,"href":"https:\/\/mybrazil.co.uk\/en\/wp-json\/wp\/v2\/product_cat?post=2506"},{"taxonomy":"product_tag","embeddable":true,"href":"https:\/\/mybrazil.co.uk\/en\/wp-json\/wp\/v2\/product_tag?post=2506"}],"curies":[{"name":"wp","href":"https:\/\/api.w.org\/{rel}","templated":true}]}}