{"id":2499,"date":"2024-08-28T23:06:48","date_gmt":"2024-08-28T22:06:48","guid":{"rendered":"https:\/\/mybrazil.co.uk\/produto\/doce-de-leite-don-gaucho-430g\/"},"modified":"2026-04-18T17:54:06","modified_gmt":"2026-04-18T16:54:06","slug":"doce-de-leite-don-gaucho-430g","status":"publish","type":"product","link":"https:\/\/mybrazil.co.uk\/en\/shop\/doce-de-leite-don-gaucho-430g\/","title":{"rendered":"Doce de Leite Don Gaucho 430g"},"content":{"rendered":"<p><strong data-start=\"106\" data-end=\"141\">Dulce de Leche Don Gaucho 430 g<\/strong> \u2014 um doce de leite artesanal argentino de textura aveludada e sabor caramelizado, cuidadosamente preparado com leite, a\u00e7\u00facar e ess\u00eancia de baunilha para garantir uma experi\u00eancia rica e aut\u00eantica. Vers\u00e1til, ele eleva waffles, panquecas, sorvetes, bolos ou pode ser apreciado \u00e0 colherada\u2014puro prazer em cada por\u00e7\u00e3o.<\/p>","protected":false},"excerpt":{"rendered":"<p>Dulce de Leche Don Gaucho 430 g \u2014 um doce de leite artesanal argentino de textura aveludada e sabor caramelizado, cuidadosamente preparado com leite, a\u00e7\u00facar e ess\u00eancia de baunilha para garantir uma experi\u00eancia rica e aut\u00eantica. Vers\u00e1til, ele eleva waffles, panquecas, sorvetes, bolos ou pode ser apreciado \u00e0 colherada\u2014puro prazer em cada por\u00e7\u00e3o.<\/p>","protected":false},"featured_media":9115,"comment_status":"open","ping_status":"closed","template":"","meta":{"_acf_changed":false,"_glsr_average":0,"_glsr_ranking":0,"_glsr_reviews":0},"product_brand":[],"product_cat":[46,43],"product_tag":[],"class_list":{"0":"post-2499","1":"product","2":"type-product","3":"status-publish","4":"has-post-thumbnail","6":"product_cat-sweets","7":"product_cat-grocery","9":"first","10":"outofstock","11":"taxable","12":"shipping-taxable","13":"purchasable","14":"product-type-simple"},"acf":[],"_links":{"self":[{"href":"https:\/\/mybrazil.co.uk\/en\/wp-json\/wp\/v2\/product\/2499","targetHints":{"allow":["GET"]}}],"collection":[{"href":"https:\/\/mybrazil.co.uk\/en\/wp-json\/wp\/v2\/product"}],"about":[{"href":"https:\/\/mybrazil.co.uk\/en\/wp-json\/wp\/v2\/types\/product"}],"replies":[{"embeddable":true,"href":"https:\/\/mybrazil.co.uk\/en\/wp-json\/wp\/v2\/comments?post=2499"}],"wp:featuredmedia":[{"embeddable":true,"href":"https:\/\/mybrazil.co.uk\/en\/wp-json\/wp\/v2\/media\/9115"}],"wp:attachment":[{"href":"https:\/\/mybrazil.co.uk\/en\/wp-json\/wp\/v2\/media?parent=2499"}],"wp:term":[{"taxonomy":"product_brand","embeddable":true,"href":"https:\/\/mybrazil.co.uk\/en\/wp-json\/wp\/v2\/product_brand?post=2499"},{"taxonomy":"product_cat","embeddable":true,"href":"https:\/\/mybrazil.co.uk\/en\/wp-json\/wp\/v2\/product_cat?post=2499"},{"taxonomy":"product_tag","embeddable":true,"href":"https:\/\/mybrazil.co.uk\/en\/wp-json\/wp\/v2\/product_tag?post=2499"}],"curies":[{"name":"wp","href":"https:\/\/api.w.org\/{rel}","templated":true}]}}