{"id":2480,"date":"2024-08-28T23:06:43","date_gmt":"2024-08-28T22:06:43","guid":{"rendered":"https:\/\/mybrazil.co.uk\/produto\/pao-de-queijo-mix-250g-yoki\/"},"modified":"2026-04-20T18:57:07","modified_gmt":"2026-04-20T17:57:07","slug":"pao-de-queijo-mix-250g-yoki","status":"publish","type":"product","link":"https:\/\/mybrazil.co.uk\/en\/shop\/pao-de-queijo-mix-250g-yoki\/","title":{"rendered":"Mistura para Pao de Queijo 250g Yoki"},"content":{"rendered":"<p>Mistura pronta \u00e0 base de f\u00e9cula de mandioca, especialmente desenvolvida para preparar em poucos minutos o famoso p\u00e3o de queijo brasileiro: com casca levemente crocante e interior macio e cheio de sabor. Basta adicionar \u00e1gua fria e ovos, moldar bolinhas e assar. Ideal para caf\u00e9 da manh\u00e3, lanche da tarde ou para surpreender visitas com uma iguaria brasileira aut\u00eantica. <strong data-start=\"591\" data-end=\"605\">Sem gl\u00faten<\/strong>, embora contenha leite e seus derivados.<\/p>","protected":false},"excerpt":{"rendered":"<p>Mistura pronta \u00e0 base de f\u00e9cula de mandioca, especialmente desenvolvida para preparar em poucos minutos o famoso p\u00e3o de queijo brasileiro: com casca levemente crocante e interior macio e cheio de sabor. Basta adicionar \u00e1gua fria e ovos, moldar bolinhas e assar. Ideal para caf\u00e9 da manh\u00e3, lanche da tarde ou para surpreender visitas com [&hellip;]<\/p>","protected":false},"featured_media":10569,"comment_status":"open","ping_status":"closed","template":"","meta":{"_acf_changed":false,"_glsr_average":0,"_glsr_ranking":0,"_glsr_reviews":0},"product_brand":[],"product_cat":[87,94,43],"product_tag":[],"class_list":{"0":"post-2480","1":"product","2":"type-product","3":"status-publish","4":"has-post-thumbnail","6":"product_cat-confeitaria","7":"product_cat-graos-farinhacos","8":"product_cat-grocery","10":"first","11":"instock","12":"taxable","13":"shipping-taxable","14":"purchasable","15":"product-type-simple"},"acf":[],"_links":{"self":[{"href":"https:\/\/mybrazil.co.uk\/en\/wp-json\/wp\/v2\/product\/2480","targetHints":{"allow":["GET"]}}],"collection":[{"href":"https:\/\/mybrazil.co.uk\/en\/wp-json\/wp\/v2\/product"}],"about":[{"href":"https:\/\/mybrazil.co.uk\/en\/wp-json\/wp\/v2\/types\/product"}],"replies":[{"embeddable":true,"href":"https:\/\/mybrazil.co.uk\/en\/wp-json\/wp\/v2\/comments?post=2480"}],"wp:featuredmedia":[{"embeddable":true,"href":"https:\/\/mybrazil.co.uk\/en\/wp-json\/wp\/v2\/media\/10569"}],"wp:attachment":[{"href":"https:\/\/mybrazil.co.uk\/en\/wp-json\/wp\/v2\/media?parent=2480"}],"wp:term":[{"taxonomy":"product_brand","embeddable":true,"href":"https:\/\/mybrazil.co.uk\/en\/wp-json\/wp\/v2\/product_brand?post=2480"},{"taxonomy":"product_cat","embeddable":true,"href":"https:\/\/mybrazil.co.uk\/en\/wp-json\/wp\/v2\/product_cat?post=2480"},{"taxonomy":"product_tag","embeddable":true,"href":"https:\/\/mybrazil.co.uk\/en\/wp-json\/wp\/v2\/product_tag?post=2480"}],"curies":[{"name":"wp","href":"https:\/\/api.w.org\/{rel}","templated":true}]}}