{"id":2413,"date":"2024-08-28T23:06:24","date_gmt":"2024-08-28T22:06:24","guid":{"rendered":"https:\/\/mybrazil.co.uk\/produto\/guarana-antartica-lata-x-24\/"},"modified":"2026-04-20T17:20:22","modified_gmt":"2026-04-20T16:20:22","slug":"guarana-antartica-lata-x-24","status":"publish","type":"product","link":"https:\/\/mybrazil.co.uk\/en\/shop\/guarana-antartica-lata-x-24\/","title":{"rendered":"Guarana antartica lata 330mlx 24unid"},"content":{"rendered":"<p>O Guaran\u00e1 Antarctica \u00e9 o refrigerante mais ic\u00f3nico do Brasil, agora dispon\u00edvel num pr\u00e1tico pack de 24 latas de 330ml. <span class=\"citation-11 citation-end-11\">Elaborado a partir do fruto do guaran\u00e1 colhido na bacia do Rio Amazonas, esta bebida oferece um sabor frutado \u00fanico, doce e refrescante que a distingue de qualquer outro refrigerante no mundo.<\/span> \u00c9 a companhia perfeita para refei\u00e7\u00f5es, lanches ou para partilhar com amigos em celebra\u00e7\u00f5es. Com o seu aroma vibrante e efervesc\u00eancia caracter\u00edstica, o Guaran\u00e1 Antarctica proporciona uma explos\u00e3o de energia e frescura genuinamente brasileira em cada gole.<\/p>","protected":false},"excerpt":{"rendered":"<p>O Guaran\u00e1 Antarctica \u00e9 o refrigerante mais ic\u00f3nico do Brasil, agora dispon\u00edvel num pr\u00e1tico pack de 24 latas de 330ml. Elaborado a partir do fruto do guaran\u00e1 colhido na bacia do Rio Amazonas, esta bebida oferece um sabor frutado \u00fanico, doce e refrescante que a distingue de qualquer outro refrigerante no mundo. \u00c9 a companhia [&hellip;]<\/p>","protected":false},"featured_media":4095,"comment_status":"open","ping_status":"closed","template":"","meta":{"_acf_changed":false,"_glsr_average":0,"_glsr_ranking":0,"_glsr_reviews":0},"product_brand":[],"product_cat":[43,90],"product_tag":[],"class_list":{"0":"post-2413","1":"product","2":"type-product","3":"status-publish","4":"has-post-thumbnail","6":"product_cat-grocery","7":"product_cat-refrigerantes","9":"first","10":"instock","11":"taxable","12":"shipping-taxable","13":"purchasable","14":"product-type-simple"},"acf":[],"_links":{"self":[{"href":"https:\/\/mybrazil.co.uk\/en\/wp-json\/wp\/v2\/product\/2413","targetHints":{"allow":["GET"]}}],"collection":[{"href":"https:\/\/mybrazil.co.uk\/en\/wp-json\/wp\/v2\/product"}],"about":[{"href":"https:\/\/mybrazil.co.uk\/en\/wp-json\/wp\/v2\/types\/product"}],"replies":[{"embeddable":true,"href":"https:\/\/mybrazil.co.uk\/en\/wp-json\/wp\/v2\/comments?post=2413"}],"wp:featuredmedia":[{"embeddable":true,"href":"https:\/\/mybrazil.co.uk\/en\/wp-json\/wp\/v2\/media\/4095"}],"wp:attachment":[{"href":"https:\/\/mybrazil.co.uk\/en\/wp-json\/wp\/v2\/media?parent=2413"}],"wp:term":[{"taxonomy":"product_brand","embeddable":true,"href":"https:\/\/mybrazil.co.uk\/en\/wp-json\/wp\/v2\/product_brand?post=2413"},{"taxonomy":"product_cat","embeddable":true,"href":"https:\/\/mybrazil.co.uk\/en\/wp-json\/wp\/v2\/product_cat?post=2413"},{"taxonomy":"product_tag","embeddable":true,"href":"https:\/\/mybrazil.co.uk\/en\/wp-json\/wp\/v2\/product_tag?post=2413"}],"curies":[{"name":"wp","href":"https:\/\/api.w.org\/{rel}","templated":true}]}}