{"id":2405,"date":"2024-08-28T23:06:21","date_gmt":"2024-08-28T22:06:21","guid":{"rendered":"https:\/\/mybrazil.co.uk\/produto\/biscoito-mabel-leitemilk-flavour350g\/"},"modified":"2026-03-21T17:26:19","modified_gmt":"2026-03-21T17:26:19","slug":"biscoito-mabel-leitemilk-flavour350g","status":"publish","type":"product","link":"https:\/\/mybrazil.co.uk\/en\/shop\/biscoito-mabel-leitemilk-flavour350g\/","title":{"rendered":"Rosquinha Leite 350g Mabel"},"content":{"rendered":"<p><strong data-start=\"316\" data-end=\"353\">Rosquinha sabor Leite 350 g Mabel<\/strong> \u00e9 um biscoito doce tradicional brasileiro com sabor suave e aconchegante de leite, ideal para acompanhar momentos de caf\u00e9, ch\u00e1 ou lanche a qualquer hora do dia. Crocantes por fora e levemente macios por dentro, esses biscoitos s\u00e3o feitos com ingredientes selecionados e oferecem um sabor caseiro que agrada toda a fam\u00edlia. Perfeitos para compartilhar ou degustar em pequenas pausas entre atividades<\/p>","protected":false},"excerpt":{"rendered":"<p>Rosquinha sabor Leite 350 g Mabel \u00e9 um biscoito doce tradicional brasileiro com sabor suave e aconchegante de leite, ideal para acompanhar momentos de caf\u00e9, ch\u00e1 ou lanche a qualquer hora do dia. Crocantes por fora e levemente macios por dentro, esses biscoitos s\u00e3o feitos com ingredientes selecionados e oferecem um sabor caseiro que agrada [&hellip;]<\/p>","protected":false},"featured_media":8123,"comment_status":"open","ping_status":"closed","template":"","meta":{"_acf_changed":false,"_glsr_average":0,"_glsr_ranking":0,"_glsr_reviews":0},"product_brand":[],"product_cat":[92,43],"product_tag":[],"class_list":{"0":"post-2405","1":"product","2":"type-product","3":"status-publish","4":"has-post-thumbnail","6":"product_cat-bolachas-biscoitos-salgadinhos","7":"product_cat-grocery","9":"first","10":"outofstock","11":"taxable","12":"shipping-taxable","13":"purchasable","14":"product-type-simple"},"acf":[],"_links":{"self":[{"href":"https:\/\/mybrazil.co.uk\/en\/wp-json\/wp\/v2\/product\/2405","targetHints":{"allow":["GET"]}}],"collection":[{"href":"https:\/\/mybrazil.co.uk\/en\/wp-json\/wp\/v2\/product"}],"about":[{"href":"https:\/\/mybrazil.co.uk\/en\/wp-json\/wp\/v2\/types\/product"}],"replies":[{"embeddable":true,"href":"https:\/\/mybrazil.co.uk\/en\/wp-json\/wp\/v2\/comments?post=2405"}],"wp:featuredmedia":[{"embeddable":true,"href":"https:\/\/mybrazil.co.uk\/en\/wp-json\/wp\/v2\/media\/8123"}],"wp:attachment":[{"href":"https:\/\/mybrazil.co.uk\/en\/wp-json\/wp\/v2\/media?parent=2405"}],"wp:term":[{"taxonomy":"product_brand","embeddable":true,"href":"https:\/\/mybrazil.co.uk\/en\/wp-json\/wp\/v2\/product_brand?post=2405"},{"taxonomy":"product_cat","embeddable":true,"href":"https:\/\/mybrazil.co.uk\/en\/wp-json\/wp\/v2\/product_cat?post=2405"},{"taxonomy":"product_tag","embeddable":true,"href":"https:\/\/mybrazil.co.uk\/en\/wp-json\/wp\/v2\/product_tag?post=2405"}],"curies":[{"name":"wp","href":"https:\/\/api.w.org\/{rel}","templated":true}]}}