{"id":2403,"date":"2024-08-28T23:06:20","date_gmt":"2024-08-28T22:06:20","guid":{"rendered":"https:\/\/mybrazil.co.uk\/produto\/compal-feijao-frade-black-eyed-beans\/"},"modified":"2026-04-18T12:39:09","modified_gmt":"2026-04-18T11:39:09","slug":"compal-feijao-frade-black-eyed-beans","status":"publish","type":"product","link":"https:\/\/mybrazil.co.uk\/en\/shop\/compal-feijao-frade-black-eyed-beans\/","title":{"rendered":"Compal Feijao Frade 845g"},"content":{"rendered":"<p>Feij\u00e3o Frade 845 g: feij\u00e3o-frade cozido, pronto a utilizar, armazenado em \u00e1gua com adi\u00e7\u00e3o de sal para manter a textura macia e o sabor natural. Ideal como base para saladas frescas, acompanhamentos, pratos tradicionais de feij\u00e3o ou simplesmente como parte de uma refei\u00e7\u00e3o r\u00e1pida e equilibrada. Rico em hidratos de carbono complexos, fibras e prote\u00edna vegetal, oferece praticidade na despensa e versatilidade em receitas.<\/p>\n<p><strong data-start=\"1068\" data-end=\"1099\">Ingredientes \/ Ingredients:<\/strong><br data-start=\"1099\" data-end=\"1102\" \/>Feij\u00e3o frade, \u00e1gua and sal.<\/p>","protected":false},"excerpt":{"rendered":"<p>Feij\u00e3o Frade 845 g: feij\u00e3o-frade cozido, pronto a utilizar, armazenado em \u00e1gua com adi\u00e7\u00e3o de sal para manter a textura macia e o sabor natural. Ideal como base para saladas frescas, acompanhamentos, pratos tradicionais de feij\u00e3o ou simplesmente como parte de uma refei\u00e7\u00e3o r\u00e1pida e equilibrada. Rico em hidratos de carbono complexos, fibras e prote\u00edna [&hellip;]<\/p>","protected":false},"featured_media":2912,"comment_status":"open","ping_status":"closed","template":"","meta":{"_acf_changed":false,"_glsr_average":0,"_glsr_ranking":0,"_glsr_reviews":0},"product_brand":[],"product_cat":[94,43],"product_tag":[],"class_list":{"0":"post-2403","1":"product","2":"type-product","3":"status-publish","4":"has-post-thumbnail","6":"product_cat-graos-farinhacos","7":"product_cat-grocery","9":"first","10":"instock","11":"taxable","12":"shipping-taxable","13":"purchasable","14":"product-type-simple"},"acf":[],"_links":{"self":[{"href":"https:\/\/mybrazil.co.uk\/en\/wp-json\/wp\/v2\/product\/2403","targetHints":{"allow":["GET"]}}],"collection":[{"href":"https:\/\/mybrazil.co.uk\/en\/wp-json\/wp\/v2\/product"}],"about":[{"href":"https:\/\/mybrazil.co.uk\/en\/wp-json\/wp\/v2\/types\/product"}],"replies":[{"embeddable":true,"href":"https:\/\/mybrazil.co.uk\/en\/wp-json\/wp\/v2\/comments?post=2403"}],"wp:featuredmedia":[{"embeddable":true,"href":"https:\/\/mybrazil.co.uk\/en\/wp-json\/wp\/v2\/media\/2912"}],"wp:attachment":[{"href":"https:\/\/mybrazil.co.uk\/en\/wp-json\/wp\/v2\/media?parent=2403"}],"wp:term":[{"taxonomy":"product_brand","embeddable":true,"href":"https:\/\/mybrazil.co.uk\/en\/wp-json\/wp\/v2\/product_brand?post=2403"},{"taxonomy":"product_cat","embeddable":true,"href":"https:\/\/mybrazil.co.uk\/en\/wp-json\/wp\/v2\/product_cat?post=2403"},{"taxonomy":"product_tag","embeddable":true,"href":"https:\/\/mybrazil.co.uk\/en\/wp-json\/wp\/v2\/product_tag?post=2403"}],"curies":[{"name":"wp","href":"https:\/\/api.w.org\/{rel}","templated":true}]}}