{"id":2326,"date":"2024-08-28T23:05:58","date_gmt":"2024-08-28T22:05:58","guid":{"rendered":"https:\/\/mybrazil.co.uk\/produto\/alcool-etilico-sanitary-etanol-96\/"},"modified":"2026-04-03T14:26:07","modified_gmt":"2026-04-03T13:26:07","slug":"alcool-etilico-sanitary-etanol-96","status":"publish","type":"product","link":"https:\/\/mybrazil.co.uk\/en\/shop\/alcool-etilico-sanitary-etanol-96\/","title":{"rendered":"\u00c1lcool Et\u00edlico 96% etanol 250ml Aga"},"content":{"rendered":"<p>Solu\u00e7\u00e3o de etanol 96% v\/v, ideal para desinfec\u00e7\u00e3o de pele, equipamentos e superf\u00edcies. Produto de uso profissional, com alta concentra\u00e7\u00e3o, eficaz contra bact\u00e9rias e fungos. Apresenta embalagem pr\u00e1tica de 250 mL, adequada para uso dom\u00e9stico ou em ambientes profissionais, onde seja necess\u00e1ria uma limpeza e higieniza\u00e7\u00e3o r\u00e1pida e confi\u00e1vel.<\/p>","protected":false},"excerpt":{"rendered":"<p>Solu\u00e7\u00e3o de etanol 96% v\/v, ideal para desinfec\u00e7\u00e3o de pele, equipamentos e superf\u00edcies. Produto de uso profissional, com alta concentra\u00e7\u00e3o, eficaz contra bact\u00e9rias e fungos. Apresenta embalagem pr\u00e1tica de 250 mL, adequada para uso dom\u00e9stico ou em ambientes profissionais, onde seja necess\u00e1ria uma limpeza e higieniza\u00e7\u00e3o r\u00e1pida e confi\u00e1vel.<\/p>","protected":false},"featured_media":9425,"comment_status":"open","ping_status":"closed","template":"","meta":{"_acf_changed":false,"_glsr_average":0,"_glsr_ranking":0,"_glsr_reviews":0},"product_brand":[],"product_cat":[40],"product_tag":[],"class_list":{"0":"post-2326","1":"product","2":"type-product","3":"status-publish","4":"has-post-thumbnail","6":"product_cat-beauty","8":"first","9":"instock","10":"taxable","11":"shipping-taxable","12":"purchasable","13":"product-type-simple"},"acf":[],"_links":{"self":[{"href":"https:\/\/mybrazil.co.uk\/en\/wp-json\/wp\/v2\/product\/2326","targetHints":{"allow":["GET"]}}],"collection":[{"href":"https:\/\/mybrazil.co.uk\/en\/wp-json\/wp\/v2\/product"}],"about":[{"href":"https:\/\/mybrazil.co.uk\/en\/wp-json\/wp\/v2\/types\/product"}],"replies":[{"embeddable":true,"href":"https:\/\/mybrazil.co.uk\/en\/wp-json\/wp\/v2\/comments?post=2326"}],"wp:featuredmedia":[{"embeddable":true,"href":"https:\/\/mybrazil.co.uk\/en\/wp-json\/wp\/v2\/media\/9425"}],"wp:attachment":[{"href":"https:\/\/mybrazil.co.uk\/en\/wp-json\/wp\/v2\/media?parent=2326"}],"wp:term":[{"taxonomy":"product_brand","embeddable":true,"href":"https:\/\/mybrazil.co.uk\/en\/wp-json\/wp\/v2\/product_brand?post=2326"},{"taxonomy":"product_cat","embeddable":true,"href":"https:\/\/mybrazil.co.uk\/en\/wp-json\/wp\/v2\/product_cat?post=2326"},{"taxonomy":"product_tag","embeddable":true,"href":"https:\/\/mybrazil.co.uk\/en\/wp-json\/wp\/v2\/product_tag?post=2326"}],"curies":[{"name":"wp","href":"https:\/\/api.w.org\/{rel}","templated":true}]}}