{"id":2263,"date":"2024-08-28T23:05:41","date_gmt":"2024-08-28T22:05:41","guid":{"rendered":"https:\/\/mybrazil.co.uk\/produto\/51-ice-passion-fruit-flavour\/"},"modified":"2026-04-05T15:03:26","modified_gmt":"2026-04-05T14:03:26","slug":"51-ice-passion-fruit-flavour","status":"publish","type":"product","link":"https:\/\/mybrazil.co.uk\/en\/shop\/51-ice-passion-fruit-flavour\/","title":{"rendered":"51 Ice de Maracuja 275 ml"},"content":{"rendered":"<p><strong data-start=\"213\" data-end=\"241\">51 Ice de Maracuj\u00e1 275ml<\/strong> \u00e9 uma bebida alco\u00f3lica pronta para consumo, levemente gaseificada, que combina a tradicional cacha\u00e7a com o sabor tropical e refrescante do maracuj\u00e1. Possui sabor suave, levemente adocicado e refrescante, ideal para ser consumida bem gelada em momentos de lazer, festas ou encontros sociais. Com baixo teor alco\u00f3lico, \u00e9 uma op\u00e7\u00e3o pr\u00e1tica e conveniente para quem procura uma bebida leve e saborosa.<\/p>","protected":false},"excerpt":{"rendered":"<p>51 Ice de Maracuj\u00e1 275ml \u00e9 uma bebida alco\u00f3lica pronta para consumo, levemente gaseificada, que combina a tradicional cacha\u00e7a com o sabor tropical e refrescante do maracuj\u00e1. Possui sabor suave, levemente adocicado e refrescante, ideal para ser consumida bem gelada em momentos de lazer, festas ou encontros sociais. Com baixo teor alco\u00f3lico, \u00e9 uma op\u00e7\u00e3o [&hellip;]<\/p>","protected":false},"featured_media":10457,"comment_status":"open","ping_status":"closed","template":"","meta":{"_acf_changed":false,"_glsr_average":0,"_glsr_ranking":0,"_glsr_reviews":0},"product_brand":[],"product_cat":[42,89],"product_tag":[],"class_list":{"0":"post-2263","1":"product","2":"type-product","3":"status-publish","4":"has-post-thumbnail","6":"product_cat-drink","7":"product_cat-beer-wine-alcoholic-spirits","9":"first","10":"instock","11":"taxable","12":"shipping-taxable","13":"purchasable","14":"product-type-simple"},"acf":[],"_links":{"self":[{"href":"https:\/\/mybrazil.co.uk\/en\/wp-json\/wp\/v2\/product\/2263","targetHints":{"allow":["GET"]}}],"collection":[{"href":"https:\/\/mybrazil.co.uk\/en\/wp-json\/wp\/v2\/product"}],"about":[{"href":"https:\/\/mybrazil.co.uk\/en\/wp-json\/wp\/v2\/types\/product"}],"replies":[{"embeddable":true,"href":"https:\/\/mybrazil.co.uk\/en\/wp-json\/wp\/v2\/comments?post=2263"}],"wp:featuredmedia":[{"embeddable":true,"href":"https:\/\/mybrazil.co.uk\/en\/wp-json\/wp\/v2\/media\/10457"}],"wp:attachment":[{"href":"https:\/\/mybrazil.co.uk\/en\/wp-json\/wp\/v2\/media?parent=2263"}],"wp:term":[{"taxonomy":"product_brand","embeddable":true,"href":"https:\/\/mybrazil.co.uk\/en\/wp-json\/wp\/v2\/product_brand?post=2263"},{"taxonomy":"product_cat","embeddable":true,"href":"https:\/\/mybrazil.co.uk\/en\/wp-json\/wp\/v2\/product_cat?post=2263"},{"taxonomy":"product_tag","embeddable":true,"href":"https:\/\/mybrazil.co.uk\/en\/wp-json\/wp\/v2\/product_tag?post=2263"}],"curies":[{"name":"wp","href":"https:\/\/api.w.org\/{rel}","templated":true}]}}