{"id":2262,"date":"2024-08-28T23:05:40","date_gmt":"2024-08-28T22:05:40","guid":{"rendered":"https:\/\/mybrazil.co.uk\/produto\/51-ice-lime-flavour\/"},"modified":"2026-04-22T10:15:09","modified_gmt":"2026-04-22T09:15:09","slug":"51-ice-lime-flavour","status":"publish","type":"product","link":"https:\/\/mybrazil.co.uk\/en\/shop\/51-ice-lime-flavour\/","title":{"rendered":"51 Ice de limao 275 ml"},"content":{"rendered":"<p><strong data-start=\"185\" data-end=\"210\">51 Ice de Lim\u00e3o 275ml<\/strong> \u00e9 uma bebida alco\u00f3lica pronta para consumo, levemente gaseificada, que combina a tradicional cacha\u00e7a com o sabor c\u00edtrico e refrescante do lim\u00e3o. Apresenta um equil\u00edbrio entre do\u00e7ura e acidez, proporcionando uma sensa\u00e7\u00e3o leve e refrescante no paladar. Ideal para consumir bem gelada em festas, encontros ou momentos de lazer, \u00e9 uma op\u00e7\u00e3o pr\u00e1tica e saborosa para quem busca uma bebida suave e f\u00e1cil de beber.<\/p>","protected":false},"excerpt":{"rendered":"<p>51 Ice de Lim\u00e3o 275ml \u00e9 uma bebida alco\u00f3lica pronta para consumo, levemente gaseificada, que combina a tradicional cacha\u00e7a com o sabor c\u00edtrico e refrescante do lim\u00e3o. Apresenta um equil\u00edbrio entre do\u00e7ura e acidez, proporcionando uma sensa\u00e7\u00e3o leve e refrescante no paladar. Ideal para consumir bem gelada em festas, encontros ou momentos de lazer, \u00e9 [&hellip;]<\/p>","protected":false},"featured_media":10459,"comment_status":"open","ping_status":"closed","template":"","meta":{"_acf_changed":false,"_glsr_average":0,"_glsr_ranking":0,"_glsr_reviews":0},"product_brand":[],"product_cat":[42,89],"product_tag":[],"class_list":{"0":"post-2262","1":"product","2":"type-product","3":"status-publish","4":"has-post-thumbnail","6":"product_cat-drink","7":"product_cat-beer-wine-alcoholic-spirits","9":"first","10":"instock","11":"taxable","12":"shipping-taxable","13":"purchasable","14":"product-type-simple"},"acf":[],"_links":{"self":[{"href":"https:\/\/mybrazil.co.uk\/en\/wp-json\/wp\/v2\/product\/2262","targetHints":{"allow":["GET"]}}],"collection":[{"href":"https:\/\/mybrazil.co.uk\/en\/wp-json\/wp\/v2\/product"}],"about":[{"href":"https:\/\/mybrazil.co.uk\/en\/wp-json\/wp\/v2\/types\/product"}],"replies":[{"embeddable":true,"href":"https:\/\/mybrazil.co.uk\/en\/wp-json\/wp\/v2\/comments?post=2262"}],"wp:featuredmedia":[{"embeddable":true,"href":"https:\/\/mybrazil.co.uk\/en\/wp-json\/wp\/v2\/media\/10459"}],"wp:attachment":[{"href":"https:\/\/mybrazil.co.uk\/en\/wp-json\/wp\/v2\/media?parent=2262"}],"wp:term":[{"taxonomy":"product_brand","embeddable":true,"href":"https:\/\/mybrazil.co.uk\/en\/wp-json\/wp\/v2\/product_brand?post=2262"},{"taxonomy":"product_cat","embeddable":true,"href":"https:\/\/mybrazil.co.uk\/en\/wp-json\/wp\/v2\/product_cat?post=2262"},{"taxonomy":"product_tag","embeddable":true,"href":"https:\/\/mybrazil.co.uk\/en\/wp-json\/wp\/v2\/product_tag?post=2262"}],"curies":[{"name":"wp","href":"https:\/\/api.w.org\/{rel}","templated":true}]}}