{"id":2204,"date":"2024-08-28T23:05:23","date_gmt":"2024-08-28T22:05:23","guid":{"rendered":"https:\/\/mybrazil.co.uk\/produto\/brahma-duplo-malte-double-malt-beer-cx\/"},"modified":"2026-04-02T17:19:58","modified_gmt":"2026-04-02T16:19:58","slug":"brahma-duplo-malte-double-malt-beer-cx","status":"publish","type":"product","link":"https:\/\/mybrazil.co.uk\/en\/shop\/brahma-duplo-malte-double-malt-beer-cx\/","title":{"rendered":"Caixa Brahma Duplo Malte 12x350ml"},"content":{"rendered":"<p><strong data-start=\"156\" data-end=\"193\">Caixa Brahma Duplo Malte 12x350ml<\/strong> \u00e9 um pack com 12 latas da tradicional cerveja lager brasileira, elaborada com dois tipos de malte que garantem um sabor mais encorpado, equilibrado e levemente adocicado. Com colora\u00e7\u00e3o dourada intensa, espuma cremosa e aroma marcante de malte, \u00e9 perfeita para ser consumida bem gelada. Ideal para churrascos, festas, reuni\u00f5es e momentos de descontra\u00e7\u00e3o, oferecendo praticidade e excelente custo-benef\u00edcio para compartilhar.<\/p>","protected":false},"excerpt":{"rendered":"<p>Caixa Brahma Duplo Malte 12x350ml \u00e9 um pack com 12 latas da tradicional cerveja lager brasileira, elaborada com dois tipos de malte que garantem um sabor mais encorpado, equilibrado e levemente adocicado. Com colora\u00e7\u00e3o dourada intensa, espuma cremosa e aroma marcante de malte, \u00e9 perfeita para ser consumida bem gelada. Ideal para churrascos, festas, reuni\u00f5es [&hellip;]<\/p>","protected":false},"featured_media":8803,"comment_status":"open","ping_status":"closed","template":"","meta":{"_acf_changed":false,"_glsr_average":0,"_glsr_ranking":0,"_glsr_reviews":0},"product_brand":[],"product_cat":[42,89],"product_tag":[],"class_list":{"0":"post-2204","1":"product","2":"type-product","3":"status-publish","4":"has-post-thumbnail","6":"product_cat-drink","7":"product_cat-beer-wine-alcoholic-spirits","9":"first","10":"onbackorder","11":"sold-individually","12":"taxable","13":"shipping-taxable","14":"purchasable","15":"product-type-simple"},"acf":[],"_links":{"self":[{"href":"https:\/\/mybrazil.co.uk\/en\/wp-json\/wp\/v2\/product\/2204","targetHints":{"allow":["GET"]}}],"collection":[{"href":"https:\/\/mybrazil.co.uk\/en\/wp-json\/wp\/v2\/product"}],"about":[{"href":"https:\/\/mybrazil.co.uk\/en\/wp-json\/wp\/v2\/types\/product"}],"replies":[{"embeddable":true,"href":"https:\/\/mybrazil.co.uk\/en\/wp-json\/wp\/v2\/comments?post=2204"}],"wp:featuredmedia":[{"embeddable":true,"href":"https:\/\/mybrazil.co.uk\/en\/wp-json\/wp\/v2\/media\/8803"}],"wp:attachment":[{"href":"https:\/\/mybrazil.co.uk\/en\/wp-json\/wp\/v2\/media?parent=2204"}],"wp:term":[{"taxonomy":"product_brand","embeddable":true,"href":"https:\/\/mybrazil.co.uk\/en\/wp-json\/wp\/v2\/product_brand?post=2204"},{"taxonomy":"product_cat","embeddable":true,"href":"https:\/\/mybrazil.co.uk\/en\/wp-json\/wp\/v2\/product_cat?post=2204"},{"taxonomy":"product_tag","embeddable":true,"href":"https:\/\/mybrazil.co.uk\/en\/wp-json\/wp\/v2\/product_tag?post=2204"}],"curies":[{"name":"wp","href":"https:\/\/api.w.org\/{rel}","templated":true}]}}