{"id":2176,"date":"2024-08-28T23:05:15","date_gmt":"2024-08-28T22:05:15","guid":{"rendered":"https:\/\/mybrazil.co.uk\/produto\/molho-ingles-english-sauce\/"},"modified":"2026-02-08T13:47:24","modified_gmt":"2026-02-08T13:47:24","slug":"molho-ingles-english-sauce","status":"publish","type":"product","link":"https:\/\/mybrazil.co.uk\/en\/shop\/molho-ingles-english-sauce\/","title":{"rendered":"Molho Ingl\u00eas 161 ml DomDuarte"},"content":{"rendered":"<p>Garrafa de <strong data-start=\"418\" data-end=\"428\">161 ml<\/strong> (produto de condimento cl\u00e1ssico inspirado no tradicional <em data-start=\"486\" data-end=\"508\">Worcestershire sauce<\/em> ingl\u00eas). Molho fermentado e encorpado com sabor complexo e ligeiramente agridoce, ideal para temperar <strong data-start=\"611\" data-end=\"677\">carnes, grelhados, hamb\u00fargueres, ensopados, marinadas e molhos<\/strong>, adicionando profundidade e realce ao sabor dos seus pratos. Combina ingredientes como <strong data-start=\"765\" data-end=\"840\">vinagre de vinho, mela\u00e7o, xarope de glucose, alho, cebola e especiarias<\/strong>, resultando num toque arom\u00e1tico e harmonioso. Pensado para uso culin\u00e1rio di\u00e1rio na sua cozinha \u2014 vers\u00e1til e cheio de sabor.<\/p>","protected":false},"excerpt":{"rendered":"<p>Garrafa de 161 ml (produto de condimento cl\u00e1ssico inspirado no tradicional Worcestershire sauce ingl\u00eas). Molho fermentado e encorpado com sabor complexo e ligeiramente agridoce, ideal para temperar carnes, grelhados, hamb\u00fargueres, ensopados, marinadas e molhos, adicionando profundidade e realce ao sabor dos seus pratos. Combina ingredientes como vinagre de vinho, mela\u00e7o, xarope de glucose, alho, cebola [&hellip;]<\/p>","protected":false},"featured_media":9868,"comment_status":"open","ping_status":"closed","template":"","meta":{"_acf_changed":false,"_glsr_average":0,"_glsr_ranking":0,"_glsr_reviews":0},"product_brand":[],"product_cat":[41],"product_tag":[],"class_list":{"0":"post-2176","1":"product","2":"type-product","3":"status-publish","4":"has-post-thumbnail","6":"product_cat-condiments-and-sauce","8":"first","9":"instock","10":"taxable","11":"shipping-taxable","12":"purchasable","13":"product-type-simple"},"acf":[],"_links":{"self":[{"href":"https:\/\/mybrazil.co.uk\/en\/wp-json\/wp\/v2\/product\/2176","targetHints":{"allow":["GET"]}}],"collection":[{"href":"https:\/\/mybrazil.co.uk\/en\/wp-json\/wp\/v2\/product"}],"about":[{"href":"https:\/\/mybrazil.co.uk\/en\/wp-json\/wp\/v2\/types\/product"}],"replies":[{"embeddable":true,"href":"https:\/\/mybrazil.co.uk\/en\/wp-json\/wp\/v2\/comments?post=2176"}],"wp:featuredmedia":[{"embeddable":true,"href":"https:\/\/mybrazil.co.uk\/en\/wp-json\/wp\/v2\/media\/9868"}],"wp:attachment":[{"href":"https:\/\/mybrazil.co.uk\/en\/wp-json\/wp\/v2\/media?parent=2176"}],"wp:term":[{"taxonomy":"product_brand","embeddable":true,"href":"https:\/\/mybrazil.co.uk\/en\/wp-json\/wp\/v2\/product_brand?post=2176"},{"taxonomy":"product_cat","embeddable":true,"href":"https:\/\/mybrazil.co.uk\/en\/wp-json\/wp\/v2\/product_cat?post=2176"},{"taxonomy":"product_tag","embeddable":true,"href":"https:\/\/mybrazil.co.uk\/en\/wp-json\/wp\/v2\/product_tag?post=2176"}],"curies":[{"name":"wp","href":"https:\/\/api.w.org\/{rel}","templated":true}]}}