{"id":2154,"date":"2024-08-28T23:05:09","date_gmt":"2024-08-28T22:05:09","guid":{"rendered":"https:\/\/mybrazil.co.uk\/produto\/nobre-feijoada-transmontana-bean-stew\/"},"modified":"2026-04-11T17:26:18","modified_gmt":"2026-04-11T16:26:18","slug":"nobre-feijoada-transmontana-bean-stew","status":"publish","type":"product","link":"https:\/\/mybrazil.co.uk\/en\/shop\/nobre-feijoada-transmontana-bean-stew\/","title":{"rendered":"Feijoada Transmontana 300g Nobre"},"content":{"rendered":"<p>Uma refei\u00e7\u00e3o pronta de sabor t\u00edpico da regi\u00e3o de Tr\u00e1s-os-Montes: feij\u00e3o encarnado e uma selec\u00e7\u00e3o de carnes de porco fumadas e enchidos, integrados num preparado apurado com tomate, cebola, cenoura e couve. Basta aquecer e servir \u2014 \u00f3timo para almo\u00e7os r\u00e1pidos ou para saborear uma refei\u00e7\u00e3o com tradi\u00e7\u00e3o.<br data-start=\"721\" data-end=\"724\" \/>Uso sugerido: aquecer em banho-maria ou no micro-ondas e servir com arroz branco.<\/p>","protected":false},"excerpt":{"rendered":"<p>Uma refei\u00e7\u00e3o pronta de sabor t\u00edpico da regi\u00e3o de Tr\u00e1s-os-Montes: feij\u00e3o encarnado e uma selec\u00e7\u00e3o de carnes de porco fumadas e enchidos, integrados num preparado apurado com tomate, cebola, cenoura e couve. Basta aquecer e servir \u2014 \u00f3timo para almo\u00e7os r\u00e1pidos ou para saborear uma refei\u00e7\u00e3o com tradi\u00e7\u00e3o.Uso sugerido: aquecer em banho-maria ou no micro-ondas [&hellip;]<\/p>","protected":false},"featured_media":4008,"comment_status":"open","ping_status":"closed","template":"","meta":{"_acf_changed":false,"_glsr_average":0,"_glsr_ranking":0,"_glsr_reviews":0},"product_brand":[],"product_cat":[109,94,43],"product_tag":[],"class_list":{"0":"post-2154","1":"product","2":"type-product","3":"status-publish","4":"has-post-thumbnail","6":"product_cat-conservas","7":"product_cat-graos-farinhacos","8":"product_cat-grocery","10":"first","11":"instock","12":"taxable","13":"shipping-taxable","14":"purchasable","15":"product-type-simple"},"acf":[],"_links":{"self":[{"href":"https:\/\/mybrazil.co.uk\/en\/wp-json\/wp\/v2\/product\/2154","targetHints":{"allow":["GET"]}}],"collection":[{"href":"https:\/\/mybrazil.co.uk\/en\/wp-json\/wp\/v2\/product"}],"about":[{"href":"https:\/\/mybrazil.co.uk\/en\/wp-json\/wp\/v2\/types\/product"}],"replies":[{"embeddable":true,"href":"https:\/\/mybrazil.co.uk\/en\/wp-json\/wp\/v2\/comments?post=2154"}],"wp:featuredmedia":[{"embeddable":true,"href":"https:\/\/mybrazil.co.uk\/en\/wp-json\/wp\/v2\/media\/4008"}],"wp:attachment":[{"href":"https:\/\/mybrazil.co.uk\/en\/wp-json\/wp\/v2\/media?parent=2154"}],"wp:term":[{"taxonomy":"product_brand","embeddable":true,"href":"https:\/\/mybrazil.co.uk\/en\/wp-json\/wp\/v2\/product_brand?post=2154"},{"taxonomy":"product_cat","embeddable":true,"href":"https:\/\/mybrazil.co.uk\/en\/wp-json\/wp\/v2\/product_cat?post=2154"},{"taxonomy":"product_tag","embeddable":true,"href":"https:\/\/mybrazil.co.uk\/en\/wp-json\/wp\/v2\/product_tag?post=2154"}],"curies":[{"name":"wp","href":"https:\/\/api.w.org\/{rel}","templated":true}]}}