{"id":2119,"date":"2024-08-28T23:04:59","date_gmt":"2024-08-28T22:04:59","guid":{"rendered":"https:\/\/mybrazil.co.uk\/produto\/coxinha-frango-chicken-croquette-12-un\/"},"modified":"2026-04-22T11:27:25","modified_gmt":"2026-04-22T10:27:25","slug":"coxinha-frango-chicken-croquette-12-un","status":"publish","type":"product","link":"https:\/\/mybrazil.co.uk\/en\/shop\/coxinha-frango-chicken-croquette-12-un\/","title":{"rendered":"Mini Coxinha de Frango Beth&#8217;s 12und"},"content":{"rendered":"<p>Mini Coxinha de Frango Beth\u2019s \u2013 pacote com 12 unidades congeladas, fritas previamente e prontas para aquecer. Cada unidade traz massa crocante por fora e recheio generoso de frango desfiado temperado, remetendo ao sabor tradicional brasileiro. Ideal para lanches r\u00e1pidos, festas ou como petisco com fam\u00edlia e amigos. F\u00e1cil de preparar em forno ou air-fryer, agrega praticidade sem abrir m\u00e3o da croc\u00e2ncia caracter\u00edstica.<\/p>","protected":false},"excerpt":{"rendered":"<p>Mini Coxinha de Frango Beth\u2019s \u2013 pacote com 12 unidades congeladas, fritas previamente e prontas para aquecer. Cada unidade traz massa crocante por fora e recheio generoso de frango desfiado temperado, remetendo ao sabor tradicional brasileiro. Ideal para lanches r\u00e1pidos, festas ou como petisco com fam\u00edlia e amigos. F\u00e1cil de preparar em forno ou air-fryer, [&hellip;]<\/p>","protected":false},"featured_media":3984,"comment_status":"open","ping_status":"closed","template":"","meta":{"_acf_changed":false,"_glsr_average":0,"_glsr_ranking":0,"_glsr_reviews":0},"product_brand":[],"product_cat":[80,45],"product_tag":[],"class_list":{"0":"post-2119","1":"product","2":"type-product","3":"status-publish","4":"has-post-thumbnail","6":"product_cat-congelados","7":"product_cat-others","9":"first","10":"instock","11":"taxable","12":"shipping-taxable","13":"purchasable","14":"product-type-simple"},"acf":[],"_links":{"self":[{"href":"https:\/\/mybrazil.co.uk\/en\/wp-json\/wp\/v2\/product\/2119","targetHints":{"allow":["GET"]}}],"collection":[{"href":"https:\/\/mybrazil.co.uk\/en\/wp-json\/wp\/v2\/product"}],"about":[{"href":"https:\/\/mybrazil.co.uk\/en\/wp-json\/wp\/v2\/types\/product"}],"replies":[{"embeddable":true,"href":"https:\/\/mybrazil.co.uk\/en\/wp-json\/wp\/v2\/comments?post=2119"}],"wp:featuredmedia":[{"embeddable":true,"href":"https:\/\/mybrazil.co.uk\/en\/wp-json\/wp\/v2\/media\/3984"}],"wp:attachment":[{"href":"https:\/\/mybrazil.co.uk\/en\/wp-json\/wp\/v2\/media?parent=2119"}],"wp:term":[{"taxonomy":"product_brand","embeddable":true,"href":"https:\/\/mybrazil.co.uk\/en\/wp-json\/wp\/v2\/product_brand?post=2119"},{"taxonomy":"product_cat","embeddable":true,"href":"https:\/\/mybrazil.co.uk\/en\/wp-json\/wp\/v2\/product_cat?post=2119"},{"taxonomy":"product_tag","embeddable":true,"href":"https:\/\/mybrazil.co.uk\/en\/wp-json\/wp\/v2\/product_tag?post=2119"}],"curies":[{"name":"wp","href":"https:\/\/api.w.org\/{rel}","templated":true}]}}