{"id":2105,"date":"2024-08-28T23:04:53","date_gmt":"2024-08-28T22:04:53","guid":{"rendered":"https:\/\/mybrazil.co.uk\/produto\/guarana-ant-zero-guarana-z-drink-330m\/"},"modified":"2026-04-20T15:32:31","modified_gmt":"2026-04-20T14:32:31","slug":"guarana-ant-zero-guarana-z-drink-330m","status":"publish","type":"product","link":"https:\/\/mybrazil.co.uk\/en\/shop\/guarana-ant-zero-guarana-z-drink-330m\/","title":{"rendered":"Guarana Ant. Zero Drink 6 unid- 330ml"},"content":{"rendered":"<p><span class=\"citation-31 citation-end-31\">O Guaran\u00e1 Antarctica Zero oferece o sabor aut\u00eantico e refrescante do guaran\u00e1 da Amaz\u00f3nia, mas sem qualquer adi\u00e7\u00e3o de a\u00e7\u00facares.<\/span> <span class=\"citation-30 citation-end-30\">Este pack de 6 latas de 330ml \u00e9 ideal para quem procura manter um estilo de vida equilibrado sem abdicar do prazer de um refrigerante ic\u00f3nico.<\/span> Com a sua efervesc\u00eancia caracter\u00edstica e notas frutadas \u00fanicas, \u00e9 a escolha perfeita para acompanhar refei\u00e7\u00f5es ou para um momento de pausa revigorante. Desfrute da energia e do sabor original do Brasil com zero calorias.<\/p>","protected":false},"excerpt":{"rendered":"<p>O Guaran\u00e1 Antarctica Zero oferece o sabor aut\u00eantico e refrescante do guaran\u00e1 da Amaz\u00f3nia, mas sem qualquer adi\u00e7\u00e3o de a\u00e7\u00facares. Este pack de 6 latas de 330ml \u00e9 ideal para quem procura manter um estilo de vida equilibrado sem abdicar do prazer de um refrigerante ic\u00f3nico. Com a sua efervesc\u00eancia caracter\u00edstica e notas frutadas \u00fanicas, [&hellip;]<\/p>","protected":false},"featured_media":8615,"comment_status":"open","ping_status":"closed","template":"","meta":{"_acf_changed":false,"_glsr_average":0,"_glsr_ranking":0,"_glsr_reviews":0},"product_brand":[],"product_cat":[42,78,90],"product_tag":[],"class_list":{"0":"post-2105","1":"product","2":"type-product","3":"status-publish","4":"has-post-thumbnail","6":"product_cat-drink","7":"product_cat-mais_vendido_slide_um","8":"product_cat-refrigerantes","10":"first","11":"instock","12":"taxable","13":"shipping-taxable","14":"purchasable","15":"product-type-simple"},"acf":[],"_links":{"self":[{"href":"https:\/\/mybrazil.co.uk\/en\/wp-json\/wp\/v2\/product\/2105","targetHints":{"allow":["GET"]}}],"collection":[{"href":"https:\/\/mybrazil.co.uk\/en\/wp-json\/wp\/v2\/product"}],"about":[{"href":"https:\/\/mybrazil.co.uk\/en\/wp-json\/wp\/v2\/types\/product"}],"replies":[{"embeddable":true,"href":"https:\/\/mybrazil.co.uk\/en\/wp-json\/wp\/v2\/comments?post=2105"}],"wp:featuredmedia":[{"embeddable":true,"href":"https:\/\/mybrazil.co.uk\/en\/wp-json\/wp\/v2\/media\/8615"}],"wp:attachment":[{"href":"https:\/\/mybrazil.co.uk\/en\/wp-json\/wp\/v2\/media?parent=2105"}],"wp:term":[{"taxonomy":"product_brand","embeddable":true,"href":"https:\/\/mybrazil.co.uk\/en\/wp-json\/wp\/v2\/product_brand?post=2105"},{"taxonomy":"product_cat","embeddable":true,"href":"https:\/\/mybrazil.co.uk\/en\/wp-json\/wp\/v2\/product_cat?post=2105"},{"taxonomy":"product_tag","embeddable":true,"href":"https:\/\/mybrazil.co.uk\/en\/wp-json\/wp\/v2\/product_tag?post=2105"}],"curies":[{"name":"wp","href":"https:\/\/api.w.org\/{rel}","templated":true}]}}