{"id":1945,"date":"2024-08-28T23:04:04","date_gmt":"2024-08-28T22:04:04","guid":{"rendered":"https:\/\/mybrazil.co.uk\/produto\/colorifico\/"},"modified":"2026-02-24T16:43:11","modified_gmt":"2026-02-24T16:43:11","slug":"colorifico","status":"publish","type":"product","link":"https:\/\/mybrazil.co.uk\/en\/shop\/colorifico\/","title":{"rendered":"Color\u00edfico 100g Penina"},"content":{"rendered":"<p>O toque de cor que faltava \u00e0 sua cozinha: produzido com urucum e milho enriquecido, traz uma tonalidade avermelhada vibrante sem alterar o sabor dos alimentos. Ideal para real\u00e7ar pratos como arroz, ensopados, carnes, aves e molhos. Vers\u00e1til e pr\u00e1tico, este tempero \u00e9 indispens\u00e1vel para quem busca dar aquele acabamento visual profissional \u00e0s receitas do dia a dia.<\/p>","protected":false},"excerpt":{"rendered":"<p>O toque de cor que faltava \u00e0 sua cozinha: produzido com urucum e milho enriquecido, traz uma tonalidade avermelhada vibrante sem alterar o sabor dos alimentos. Ideal para real\u00e7ar pratos como arroz, ensopados, carnes, aves e molhos. Vers\u00e1til e pr\u00e1tico, este tempero \u00e9 indispens\u00e1vel para quem busca dar aquele acabamento visual profissional \u00e0s receitas do [&hellip;]<\/p>","protected":false},"featured_media":9447,"comment_status":"open","ping_status":"closed","template":"","meta":{"_acf_changed":false,"_glsr_average":0,"_glsr_ranking":0,"_glsr_reviews":0},"product_brand":[],"product_cat":[41],"product_tag":[],"class_list":{"0":"post-1945","1":"product","2":"type-product","3":"status-publish","4":"has-post-thumbnail","6":"product_cat-condiments-and-sauce","8":"first","9":"outofstock","10":"taxable","11":"shipping-taxable","12":"purchasable","13":"product-type-simple"},"acf":[],"_links":{"self":[{"href":"https:\/\/mybrazil.co.uk\/en\/wp-json\/wp\/v2\/product\/1945","targetHints":{"allow":["GET"]}}],"collection":[{"href":"https:\/\/mybrazil.co.uk\/en\/wp-json\/wp\/v2\/product"}],"about":[{"href":"https:\/\/mybrazil.co.uk\/en\/wp-json\/wp\/v2\/types\/product"}],"replies":[{"embeddable":true,"href":"https:\/\/mybrazil.co.uk\/en\/wp-json\/wp\/v2\/comments?post=1945"}],"wp:featuredmedia":[{"embeddable":true,"href":"https:\/\/mybrazil.co.uk\/en\/wp-json\/wp\/v2\/media\/9447"}],"wp:attachment":[{"href":"https:\/\/mybrazil.co.uk\/en\/wp-json\/wp\/v2\/media?parent=1945"}],"wp:term":[{"taxonomy":"product_brand","embeddable":true,"href":"https:\/\/mybrazil.co.uk\/en\/wp-json\/wp\/v2\/product_brand?post=1945"},{"taxonomy":"product_cat","embeddable":true,"href":"https:\/\/mybrazil.co.uk\/en\/wp-json\/wp\/v2\/product_cat?post=1945"},{"taxonomy":"product_tag","embeddable":true,"href":"https:\/\/mybrazil.co.uk\/en\/wp-json\/wp\/v2\/product_tag?post=1945"}],"curies":[{"name":"wp","href":"https:\/\/api.w.org\/{rel}","templated":true}]}}