{"id":1893,"date":"2024-08-28T23:03:49","date_gmt":"2024-08-28T22:03:49","guid":{"rendered":"https:\/\/mybrazil.co.uk\/produto\/bananinha-banana-candy-36g\/"},"modified":"2026-04-22T17:44:11","modified_gmt":"2026-04-22T16:44:11","slug":"bananinha-banana-candy-36g","status":"publish","type":"product","link":"https:\/\/mybrazil.co.uk\/en\/shop\/bananinha-banana-candy-36g\/","title":{"rendered":"Bananinha Paraibuna 36g"},"content":{"rendered":"<p data-start=\"194\" data-end=\"478\"><strong data-start=\"194\" data-end=\"250\">Bananinha <span class=\"hover:entity-accent entity-underline inline cursor-pointer align-baseline\"><span class=\"whitespace-normal\">Paraibuna<\/span><\/span> 36 g<\/strong> \u2014 doce tradicional brasileiro feito a partir de banana madura, com textura macia e sabor naturalmente doce. Pr\u00e1tico e nutritivo, \u00e9 ideal como snack r\u00e1pido para o dia a dia, pr\u00e9 ou p\u00f3s-treino, lanche escolar ou sobremesa leve.<\/p>\n<p data-start=\"480\" data-end=\"640\">Produzida com ingredientes simples e sem conservantes, oferece uma op\u00e7\u00e3o mais natural de doce, rica em energia e fibras.<\/p>","protected":false},"excerpt":{"rendered":"<p>Bananinha Paraibuna 36 g \u2014 doce tradicional brasileiro feito a partir de banana madura, com textura macia e sabor naturalmente doce. Pr\u00e1tico e nutritivo, \u00e9 ideal como snack r\u00e1pido para o dia a dia, pr\u00e9 ou p\u00f3s-treino, lanche escolar ou sobremesa leve. Produzida com ingredientes simples e sem conservantes, oferece uma op\u00e7\u00e3o mais natural de [&hellip;]<\/p>","protected":false},"featured_media":8724,"comment_status":"open","ping_status":"closed","template":"","meta":{"_acf_changed":false,"_glsr_average":0,"_glsr_ranking":0,"_glsr_reviews":0},"product_brand":[],"product_cat":[46],"product_tag":[],"class_list":{"0":"post-1893","1":"product","2":"type-product","3":"status-publish","4":"has-post-thumbnail","6":"product_cat-sweets","8":"first","9":"instock","10":"taxable","11":"shipping-taxable","12":"purchasable","13":"product-type-simple"},"acf":[],"_links":{"self":[{"href":"https:\/\/mybrazil.co.uk\/en\/wp-json\/wp\/v2\/product\/1893","targetHints":{"allow":["GET"]}}],"collection":[{"href":"https:\/\/mybrazil.co.uk\/en\/wp-json\/wp\/v2\/product"}],"about":[{"href":"https:\/\/mybrazil.co.uk\/en\/wp-json\/wp\/v2\/types\/product"}],"replies":[{"embeddable":true,"href":"https:\/\/mybrazil.co.uk\/en\/wp-json\/wp\/v2\/comments?post=1893"}],"wp:featuredmedia":[{"embeddable":true,"href":"https:\/\/mybrazil.co.uk\/en\/wp-json\/wp\/v2\/media\/8724"}],"wp:attachment":[{"href":"https:\/\/mybrazil.co.uk\/en\/wp-json\/wp\/v2\/media?parent=1893"}],"wp:term":[{"taxonomy":"product_brand","embeddable":true,"href":"https:\/\/mybrazil.co.uk\/en\/wp-json\/wp\/v2\/product_brand?post=1893"},{"taxonomy":"product_cat","embeddable":true,"href":"https:\/\/mybrazil.co.uk\/en\/wp-json\/wp\/v2\/product_cat?post=1893"},{"taxonomy":"product_tag","embeddable":true,"href":"https:\/\/mybrazil.co.uk\/en\/wp-json\/wp\/v2\/product_tag?post=1893"}],"curies":[{"name":"wp","href":"https:\/\/api.w.org\/{rel}","templated":true}]}}