{"id":1845,"date":"2024-08-28T23:03:35","date_gmt":"2024-08-28T22:03:35","guid":{"rendered":"https:\/\/mybrazil.co.uk\/produto\/mistura-pao-de-queijo-500g\/"},"modified":"2026-04-21T14:48:40","modified_gmt":"2026-04-21T13:48:40","slug":"mistura-pao-de-queijo-500g","status":"publish","type":"product","link":"https:\/\/mybrazil.co.uk\/en\/shop\/mistura-pao-de-queijo-500g\/","title":{"rendered":"Mistura p\/ P\u00e3o de Queijo Amafil 500g"},"content":{"rendered":"<p><strong data-start=\"478\" data-end=\"521\">Mistura para P\u00e3o de Queijo Amafil 500 g<\/strong> \u2014 prepara\u00e7\u00e3o em p\u00f3 pr\u00e1tica para p\u00e3es de queijo no estilo tradicional brasileiro. Basta adicionar ovos, \u00e1gua e queijo ralado para fazer p\u00e3ezinhos macios por dentro e levemente dourados por fora. Ideal para caf\u00e9s da manh\u00e3, lanches ou uso profissional em confeitarias e padarias.<\/p>","protected":false},"excerpt":{"rendered":"<p>Mistura para P\u00e3o de Queijo Amafil 500 g \u2014 prepara\u00e7\u00e3o em p\u00f3 pr\u00e1tica para p\u00e3es de queijo no estilo tradicional brasileiro. Basta adicionar ovos, \u00e1gua e queijo ralado para fazer p\u00e3ezinhos macios por dentro e levemente dourados por fora. Ideal para caf\u00e9s da manh\u00e3, lanches ou uso profissional em confeitarias e padarias.<\/p>","protected":false},"featured_media":3149,"comment_status":"open","ping_status":"closed","template":"","meta":{"_acf_changed":false,"_glsr_average":0,"_glsr_ranking":0,"_glsr_reviews":0},"product_brand":[],"product_cat":[87,94,43],"product_tag":[],"class_list":{"0":"post-1845","1":"product","2":"type-product","3":"status-publish","4":"has-post-thumbnail","6":"product_cat-confeitaria","7":"product_cat-graos-farinhacos","8":"product_cat-grocery","10":"first","11":"instock","12":"taxable","13":"shipping-taxable","14":"purchasable","15":"product-type-simple"},"acf":[],"_links":{"self":[{"href":"https:\/\/mybrazil.co.uk\/en\/wp-json\/wp\/v2\/product\/1845","targetHints":{"allow":["GET"]}}],"collection":[{"href":"https:\/\/mybrazil.co.uk\/en\/wp-json\/wp\/v2\/product"}],"about":[{"href":"https:\/\/mybrazil.co.uk\/en\/wp-json\/wp\/v2\/types\/product"}],"replies":[{"embeddable":true,"href":"https:\/\/mybrazil.co.uk\/en\/wp-json\/wp\/v2\/comments?post=1845"}],"wp:featuredmedia":[{"embeddable":true,"href":"https:\/\/mybrazil.co.uk\/en\/wp-json\/wp\/v2\/media\/3149"}],"wp:attachment":[{"href":"https:\/\/mybrazil.co.uk\/en\/wp-json\/wp\/v2\/media?parent=1845"}],"wp:term":[{"taxonomy":"product_brand","embeddable":true,"href":"https:\/\/mybrazil.co.uk\/en\/wp-json\/wp\/v2\/product_brand?post=1845"},{"taxonomy":"product_cat","embeddable":true,"href":"https:\/\/mybrazil.co.uk\/en\/wp-json\/wp\/v2\/product_cat?post=1845"},{"taxonomy":"product_tag","embeddable":true,"href":"https:\/\/mybrazil.co.uk\/en\/wp-json\/wp\/v2\/product_tag?post=1845"}],"curies":[{"name":"wp","href":"https:\/\/api.w.org\/{rel}","templated":true}]}}