{"id":1840,"date":"2024-08-28T23:03:33","date_gmt":"2024-08-28T22:03:33","guid":{"rendered":"https:\/\/mybrazil.co.uk\/produto\/maizena-400g\/"},"modified":"2026-04-18T10:21:55","modified_gmt":"2026-04-18T09:21:55","slug":"maizena-400g","status":"publish","type":"product","link":"https:\/\/mybrazil.co.uk\/en\/shop\/maizena-400g\/","title":{"rendered":"Amido de Milho Maizena 400g"},"content":{"rendered":"<p><strong data-start=\"515\" data-end=\"547\">Amido de Milho Maizena 400 g<\/strong> \u2014 amido de milho de uso culin\u00e1rio, sem gl\u00faten, produzido pela marca Maizena. Produto vers\u00e1til e indispens\u00e1vel na cozinha, usado para engrossar molhos, sopas e cremes, al\u00e9m de deixar massas e sobremesas mais leves e macias. Ingrediente tradicional para receitas doces e salgadas, f\u00e1cil de utilizar e conservar em local fresco e seco.<\/p>","protected":false},"excerpt":{"rendered":"<p>Amido de Milho Maizena 400 g \u2014 amido de milho de uso culin\u00e1rio, sem gl\u00faten, produzido pela marca Maizena. Produto vers\u00e1til e indispens\u00e1vel na cozinha, usado para engrossar molhos, sopas e cremes, al\u00e9m de deixar massas e sobremesas mais leves e macias. Ingrediente tradicional para receitas doces e salgadas, f\u00e1cil de utilizar e conservar em [&hellip;]<\/p>","protected":false},"featured_media":2690,"comment_status":"open","ping_status":"closed","template":"","meta":{"_acf_changed":false,"_glsr_average":0,"_glsr_ranking":0,"_glsr_reviews":0},"product_brand":[],"product_cat":[94,43],"product_tag":[],"class_list":{"0":"post-1840","1":"product","2":"type-product","3":"status-publish","4":"has-post-thumbnail","6":"product_cat-graos-farinhacos","7":"product_cat-grocery","9":"first","10":"instock","11":"taxable","12":"shipping-taxable","13":"purchasable","14":"product-type-simple"},"acf":[],"_links":{"self":[{"href":"https:\/\/mybrazil.co.uk\/en\/wp-json\/wp\/v2\/product\/1840","targetHints":{"allow":["GET"]}}],"collection":[{"href":"https:\/\/mybrazil.co.uk\/en\/wp-json\/wp\/v2\/product"}],"about":[{"href":"https:\/\/mybrazil.co.uk\/en\/wp-json\/wp\/v2\/types\/product"}],"replies":[{"embeddable":true,"href":"https:\/\/mybrazil.co.uk\/en\/wp-json\/wp\/v2\/comments?post=1840"}],"wp:featuredmedia":[{"embeddable":true,"href":"https:\/\/mybrazil.co.uk\/en\/wp-json\/wp\/v2\/media\/2690"}],"wp:attachment":[{"href":"https:\/\/mybrazil.co.uk\/en\/wp-json\/wp\/v2\/media?parent=1840"}],"wp:term":[{"taxonomy":"product_brand","embeddable":true,"href":"https:\/\/mybrazil.co.uk\/en\/wp-json\/wp\/v2\/product_brand?post=1840"},{"taxonomy":"product_cat","embeddable":true,"href":"https:\/\/mybrazil.co.uk\/en\/wp-json\/wp\/v2\/product_cat?post=1840"},{"taxonomy":"product_tag","embeddable":true,"href":"https:\/\/mybrazil.co.uk\/en\/wp-json\/wp\/v2\/product_tag?post=1840"}],"curies":[{"name":"wp","href":"https:\/\/api.w.org\/{rel}","templated":true}]}}