{"id":1828,"date":"2024-08-28T23:03:30","date_gmt":"2024-08-28T22:03:30","guid":{"rendered":"https:\/\/mybrazil.co.uk\/produto\/farinha-de-milho-kipolenta-500g-yoki\/"},"modified":"2026-04-21T12:33:13","modified_gmt":"2026-04-21T11:33:13","slug":"farinha-de-milho-kipolenta-500g-yoki","status":"publish","type":"product","link":"https:\/\/mybrazil.co.uk\/en\/shop\/farinha-de-milho-kipolenta-500g-yoki\/","title":{"rendered":"Farinha Ki Polenta Yoki 500g"},"content":{"rendered":"<p><strong data-start=\"138\" data-end=\"204\">Farinha Ki Polenta <span class=\"hover:entity-accent entity-underline inline cursor-pointer align-baseline\"><span class=\"whitespace-normal\">Yoki<\/span><\/span> 500 g<\/strong> \u2014 farinha de milho amarela, especialmente desenvolvida para o preparo de polenta cremosa ou firme. Produzida a partir de milho selecionado, possui textura fina e cozimento r\u00e1pido, garantindo praticidade e sabor nas receitas. Ideal para polenta tradicional, frita, grelhada ou como base para diversas prepara\u00e7\u00f5es da culin\u00e1ria brasileira e italiana.<\/p>","protected":false},"excerpt":{"rendered":"<p>Farinha Ki Polenta Yoki 500 g \u2014 farinha de milho amarela, especialmente desenvolvida para o preparo de polenta cremosa ou firme. Produzida a partir de milho selecionado, possui textura fina e cozimento r\u00e1pido, garantindo praticidade e sabor nas receitas. Ideal para polenta tradicional, frita, grelhada ou como base para diversas prepara\u00e7\u00f5es da culin\u00e1ria brasileira e [&hellip;]<\/p>","protected":false},"featured_media":3132,"comment_status":"open","ping_status":"closed","template":"","meta":{"_acf_changed":false,"_glsr_average":0,"_glsr_ranking":0,"_glsr_reviews":0},"product_brand":[],"product_cat":[94,43],"product_tag":[],"class_list":{"0":"post-1828","1":"product","2":"type-product","3":"status-publish","4":"has-post-thumbnail","6":"product_cat-graos-farinhacos","7":"product_cat-grocery","9":"first","10":"instock","11":"taxable","12":"shipping-taxable","13":"purchasable","14":"product-type-simple"},"acf":[],"_links":{"self":[{"href":"https:\/\/mybrazil.co.uk\/en\/wp-json\/wp\/v2\/product\/1828","targetHints":{"allow":["GET"]}}],"collection":[{"href":"https:\/\/mybrazil.co.uk\/en\/wp-json\/wp\/v2\/product"}],"about":[{"href":"https:\/\/mybrazil.co.uk\/en\/wp-json\/wp\/v2\/types\/product"}],"replies":[{"embeddable":true,"href":"https:\/\/mybrazil.co.uk\/en\/wp-json\/wp\/v2\/comments?post=1828"}],"wp:featuredmedia":[{"embeddable":true,"href":"https:\/\/mybrazil.co.uk\/en\/wp-json\/wp\/v2\/media\/3132"}],"wp:attachment":[{"href":"https:\/\/mybrazil.co.uk\/en\/wp-json\/wp\/v2\/media?parent=1828"}],"wp:term":[{"taxonomy":"product_brand","embeddable":true,"href":"https:\/\/mybrazil.co.uk\/en\/wp-json\/wp\/v2\/product_brand?post=1828"},{"taxonomy":"product_cat","embeddable":true,"href":"https:\/\/mybrazil.co.uk\/en\/wp-json\/wp\/v2\/product_cat?post=1828"},{"taxonomy":"product_tag","embeddable":true,"href":"https:\/\/mybrazil.co.uk\/en\/wp-json\/wp\/v2\/product_tag?post=1828"}],"curies":[{"name":"wp","href":"https:\/\/api.w.org\/{rel}","templated":true}]}}