{"id":1826,"date":"2024-08-28T23:03:30","date_gmt":"2024-08-28T22:03:30","guid":{"rendered":"https:\/\/mybrazil.co.uk\/produto\/farinha-milho-flocaobig-corn-flouryoki\/"},"modified":"2026-04-21T14:10:15","modified_gmt":"2026-04-21T13:10:15","slug":"farinha-milho-flocaobig-corn-flouryoki","status":"publish","type":"product","link":"https:\/\/mybrazil.co.uk\/en\/shop\/farinha-milho-flocaobig-corn-flouryoki\/","title":{"rendered":"Flocao de Milho Cuscuz Yoki 500g"},"content":{"rendered":"<p>Floc\u00e3o de milho (farinha de milho flocada) da marca Yoki, em embalagem de 500 g. Feito a partir de gr\u00e3os de milho selecionados, esse produto \u00e9 ideal para preparar receitas tradicionais da culin\u00e1ria brasileira como cuscuz nordestino, mingaus, tortas de milho ou acompanhamentos r\u00e1pidos. Apresenta textura granulada que absorve bem l\u00edquidos, facilitando o preparo e garantido versatilidade tanto em pratos doces quanto salgados. Sem adi\u00e7\u00e3o de sal.<\/p>","protected":false},"excerpt":{"rendered":"<p>Floc\u00e3o de milho (farinha de milho flocada) da marca Yoki, em embalagem de 500 g. Feito a partir de gr\u00e3os de milho selecionados, esse produto \u00e9 ideal para preparar receitas tradicionais da culin\u00e1ria brasileira como cuscuz nordestino, mingaus, tortas de milho ou acompanhamentos r\u00e1pidos. Apresenta textura granulada que absorve bem l\u00edquidos, facilitando o preparo e [&hellip;]<\/p>","protected":false},"featured_media":8537,"comment_status":"open","ping_status":"closed","template":"","meta":{"_acf_changed":false,"_glsr_average":0,"_glsr_ranking":0,"_glsr_reviews":0},"product_brand":[],"product_cat":[94,79,43],"product_tag":[],"class_list":{"0":"post-1826","1":"product","2":"type-product","3":"status-publish","4":"has-post-thumbnail","6":"product_cat-graos-farinhacos","7":"product_cat-mais_vendido_slide_dois","8":"product_cat-grocery","10":"first","11":"instock","12":"taxable","13":"shipping-taxable","14":"purchasable","15":"product-type-simple"},"acf":[],"_links":{"self":[{"href":"https:\/\/mybrazil.co.uk\/en\/wp-json\/wp\/v2\/product\/1826","targetHints":{"allow":["GET"]}}],"collection":[{"href":"https:\/\/mybrazil.co.uk\/en\/wp-json\/wp\/v2\/product"}],"about":[{"href":"https:\/\/mybrazil.co.uk\/en\/wp-json\/wp\/v2\/types\/product"}],"replies":[{"embeddable":true,"href":"https:\/\/mybrazil.co.uk\/en\/wp-json\/wp\/v2\/comments?post=1826"}],"wp:featuredmedia":[{"embeddable":true,"href":"https:\/\/mybrazil.co.uk\/en\/wp-json\/wp\/v2\/media\/8537"}],"wp:attachment":[{"href":"https:\/\/mybrazil.co.uk\/en\/wp-json\/wp\/v2\/media?parent=1826"}],"wp:term":[{"taxonomy":"product_brand","embeddable":true,"href":"https:\/\/mybrazil.co.uk\/en\/wp-json\/wp\/v2\/product_brand?post=1826"},{"taxonomy":"product_cat","embeddable":true,"href":"https:\/\/mybrazil.co.uk\/en\/wp-json\/wp\/v2\/product_cat?post=1826"},{"taxonomy":"product_tag","embeddable":true,"href":"https:\/\/mybrazil.co.uk\/en\/wp-json\/wp\/v2\/product_tag?post=1826"}],"curies":[{"name":"wp","href":"https:\/\/api.w.org\/{rel}","templated":true}]}}