{"id":1822,"date":"2024-08-28T23:03:29","date_gmt":"2024-08-28T22:03:29","guid":{"rendered":"https:\/\/mybrazil.co.uk\/produto\/cha-matte-leao-sache\/"},"modified":"2026-04-20T17:47:09","modified_gmt":"2026-04-20T16:47:09","slug":"cha-matte-leao-sache","status":"publish","type":"product","link":"https:\/\/mybrazil.co.uk\/en\/shop\/cha-matte-leao-sache\/","title":{"rendered":"Ch\u00e1 Matte Le\u00e3o Original 40g"},"content":{"rendered":"<p>Ch\u00e1 Matte Le\u00e3o sach\u00ea 40 g \u2014 o cl\u00e1ssico ch\u00e1 de erva-mate tostada, agora em vers\u00f5es pr\u00e1ticas para preparar em casa ou no trabalho. Feito com folhas de mate selecionadas, prontas para infus\u00e3o em apenas alguns minutos. Sem gl\u00faten e com sabor encorpado e levemente amargo, oferece autenticidade e praticidade para quem aprecia tradi\u00e7\u00e3o. Ideal para ser consumido puro ou ado\u00e7ado conforme o gosto.<\/p>","protected":false},"excerpt":{"rendered":"<p>Ch\u00e1 Matte Le\u00e3o sach\u00ea 40 g \u2014 o cl\u00e1ssico ch\u00e1 de erva-mate tostada, agora em vers\u00f5es pr\u00e1ticas para preparar em casa ou no trabalho. Feito com folhas de mate selecionadas, prontas para infus\u00e3o em apenas alguns minutos. Sem gl\u00faten e com sabor encorpado e levemente amargo, oferece autenticidade e praticidade para quem aprecia tradi\u00e7\u00e3o. Ideal [&hellip;]<\/p>","protected":false},"featured_media":3138,"comment_status":"open","ping_status":"closed","template":"","meta":{"_acf_changed":false,"_glsr_average":0,"_glsr_ranking":0,"_glsr_reviews":0},"product_brand":[],"product_cat":[93,43],"product_tag":[],"class_list":{"0":"post-1822","1":"product","2":"type-product","3":"status-publish","4":"has-post-thumbnail","6":"product_cat-chas-ervas","7":"product_cat-grocery","9":"first","10":"instock","11":"taxable","12":"shipping-taxable","13":"purchasable","14":"product-type-simple"},"acf":[],"_links":{"self":[{"href":"https:\/\/mybrazil.co.uk\/en\/wp-json\/wp\/v2\/product\/1822","targetHints":{"allow":["GET"]}}],"collection":[{"href":"https:\/\/mybrazil.co.uk\/en\/wp-json\/wp\/v2\/product"}],"about":[{"href":"https:\/\/mybrazil.co.uk\/en\/wp-json\/wp\/v2\/types\/product"}],"replies":[{"embeddable":true,"href":"https:\/\/mybrazil.co.uk\/en\/wp-json\/wp\/v2\/comments?post=1822"}],"wp:featuredmedia":[{"embeddable":true,"href":"https:\/\/mybrazil.co.uk\/en\/wp-json\/wp\/v2\/media\/3138"}],"wp:attachment":[{"href":"https:\/\/mybrazil.co.uk\/en\/wp-json\/wp\/v2\/media?parent=1822"}],"wp:term":[{"taxonomy":"product_brand","embeddable":true,"href":"https:\/\/mybrazil.co.uk\/en\/wp-json\/wp\/v2\/product_brand?post=1822"},{"taxonomy":"product_cat","embeddable":true,"href":"https:\/\/mybrazil.co.uk\/en\/wp-json\/wp\/v2\/product_cat?post=1822"},{"taxonomy":"product_tag","embeddable":true,"href":"https:\/\/mybrazil.co.uk\/en\/wp-json\/wp\/v2\/product_tag?post=1822"}],"curies":[{"name":"wp","href":"https:\/\/api.w.org\/{rel}","templated":true}]}}