{"id":1807,"date":"2024-08-28T23:03:22","date_gmt":"2024-08-28T22:03:22","guid":{"rendered":"https:\/\/mybrazil.co.uk\/produto\/bolacha-maizena-400g\/"},"modified":"2026-01-28T15:19:39","modified_gmt":"2026-01-28T15:19:39","slug":"bolacha-maizena-400g","status":"publish","type":"product","link":"https:\/\/mybrazil.co.uk\/en\/shop\/bolacha-maizena-400g\/","title":{"rendered":"Biscoito Maisena 400g"},"content":{"rendered":"<p>leve, crocante e com sabor suave de amanteigado. Ideal para lanches, caf\u00e9s, ch\u00e1s ou para acompanhar geleias e cremes. Fabricado com ingredientes tradicionais, com textura homog\u00eanea que se desfaz na boca, oferecendo uma experi\u00eancia de sabor caseiro.<\/p>\n<p><strong data-start=\"812\" data-end=\"843\">Ingredientes \/ Ingredients:<\/strong><br data-start=\"843\" data-end=\"846\" \/>Farinha de trigo enriquecida com ferro e \u00e1cido f\u00f3lico; a\u00e7\u00facar; gordura vegetal; a\u00e7\u00facar invertido; sal; fermentos qu\u00edmicos (bicarbonato de am\u00f4nio, bicarbonato de s\u00f3dio, fosfato tric\u00e1lcico e fosfato monoc\u00e1lcico); emulsificantes: lecitina de soja e estearoil-2-lactil-lactato de s\u00f3dio; aromatizantes; melhorador de farinha; metabissulfito de s\u00f3dio. CONT\u00c9M GL\u00daTEN.<\/p>","protected":false},"excerpt":{"rendered":"<p>leve, crocante e com sabor suave de amanteigado. Ideal para lanches, caf\u00e9s, ch\u00e1s ou para acompanhar geleias e cremes. Fabricado com ingredientes tradicionais, com textura homog\u00eanea que se desfaz na boca, oferecendo uma experi\u00eancia de sabor caseiro. Ingredientes \/ Ingredients:Farinha de trigo enriquecida com ferro e \u00e1cido f\u00f3lico; a\u00e7\u00facar; gordura vegetal; a\u00e7\u00facar invertido; sal; fermentos [&hellip;]<\/p>","protected":false},"featured_media":8119,"comment_status":"open","ping_status":"closed","template":"","meta":{"_acf_changed":false,"_glsr_average":0,"_glsr_ranking":0,"_glsr_reviews":0},"product_brand":[],"product_cat":[92,43],"product_tag":[],"class_list":{"0":"post-1807","1":"product","2":"type-product","3":"status-publish","4":"has-post-thumbnail","6":"product_cat-bolachas-biscoitos-salgadinhos","7":"product_cat-grocery","9":"first","10":"outofstock","11":"taxable","12":"shipping-taxable","13":"purchasable","14":"product-type-simple"},"acf":[],"_links":{"self":[{"href":"https:\/\/mybrazil.co.uk\/en\/wp-json\/wp\/v2\/product\/1807","targetHints":{"allow":["GET"]}}],"collection":[{"href":"https:\/\/mybrazil.co.uk\/en\/wp-json\/wp\/v2\/product"}],"about":[{"href":"https:\/\/mybrazil.co.uk\/en\/wp-json\/wp\/v2\/types\/product"}],"replies":[{"embeddable":true,"href":"https:\/\/mybrazil.co.uk\/en\/wp-json\/wp\/v2\/comments?post=1807"}],"wp:featuredmedia":[{"embeddable":true,"href":"https:\/\/mybrazil.co.uk\/en\/wp-json\/wp\/v2\/media\/8119"}],"wp:attachment":[{"href":"https:\/\/mybrazil.co.uk\/en\/wp-json\/wp\/v2\/media?parent=1807"}],"wp:term":[{"taxonomy":"product_brand","embeddable":true,"href":"https:\/\/mybrazil.co.uk\/en\/wp-json\/wp\/v2\/product_brand?post=1807"},{"taxonomy":"product_cat","embeddable":true,"href":"https:\/\/mybrazil.co.uk\/en\/wp-json\/wp\/v2\/product_cat?post=1807"},{"taxonomy":"product_tag","embeddable":true,"href":"https:\/\/mybrazil.co.uk\/en\/wp-json\/wp\/v2\/product_tag?post=1807"}],"curies":[{"name":"wp","href":"https:\/\/api.w.org\/{rel}","templated":true}]}}