{"id":1806,"date":"2024-08-28T23:03:22","date_gmt":"2024-08-28T22:03:22","guid":{"rendered":"https:\/\/mybrazil.co.uk\/produto\/biscoito-mabel-cocococonut-flavour350g\/"},"modified":"2026-04-21T18:35:11","modified_gmt":"2026-04-21T17:35:11","slug":"biscoito-mabel-cocococonut-flavour350g","status":"publish","type":"product","link":"https:\/\/mybrazil.co.uk\/en\/shop\/biscoito-mabel-cocococonut-flavour350g\/","title":{"rendered":"Rosquinha sabor Coco 300g Mabel"},"content":{"rendered":"<p><strong data-start=\"194\" data-end=\"230\">Rosquinha sabor Coco 300 g Mabel<\/strong> \u00e9 um biscoito crocante com aut\u00eantico sabor de coco, perfeito para acompanhar caf\u00e9, ch\u00e1 ou desfrutar como um snack a qualquer momento do dia. Com textura leve e granulada e peda\u00e7os de coco ralado que real\u00e7am o sabor tropical, este biscoito tradicional brasileiro oferece sabor delicioso e familiar em cada mordida. Ideal para lanches, sobremesas ou momentos de pausa com a fam\u00edlia e amigos<\/p>","protected":false},"excerpt":{"rendered":"<p>Rosquinha sabor Coco 300 g Mabel \u00e9 um biscoito crocante com aut\u00eantico sabor de coco, perfeito para acompanhar caf\u00e9, ch\u00e1 ou desfrutar como um snack a qualquer momento do dia. Com textura leve e granulada e peda\u00e7os de coco ralado que real\u00e7am o sabor tropical, este biscoito tradicional brasileiro oferece sabor delicioso e familiar em [&hellip;]<\/p>","protected":false},"featured_media":8122,"comment_status":"open","ping_status":"closed","template":"","meta":{"_acf_changed":false,"_glsr_average":0,"_glsr_ranking":0,"_glsr_reviews":0},"product_brand":[],"product_cat":[92,43],"product_tag":[],"class_list":{"0":"post-1806","1":"product","2":"type-product","3":"status-publish","4":"has-post-thumbnail","6":"product_cat-bolachas-biscoitos-salgadinhos","7":"product_cat-grocery","9":"first","10":"instock","11":"taxable","12":"shipping-taxable","13":"purchasable","14":"product-type-simple"},"acf":[],"_links":{"self":[{"href":"https:\/\/mybrazil.co.uk\/en\/wp-json\/wp\/v2\/product\/1806","targetHints":{"allow":["GET"]}}],"collection":[{"href":"https:\/\/mybrazil.co.uk\/en\/wp-json\/wp\/v2\/product"}],"about":[{"href":"https:\/\/mybrazil.co.uk\/en\/wp-json\/wp\/v2\/types\/product"}],"replies":[{"embeddable":true,"href":"https:\/\/mybrazil.co.uk\/en\/wp-json\/wp\/v2\/comments?post=1806"}],"wp:featuredmedia":[{"embeddable":true,"href":"https:\/\/mybrazil.co.uk\/en\/wp-json\/wp\/v2\/media\/8122"}],"wp:attachment":[{"href":"https:\/\/mybrazil.co.uk\/en\/wp-json\/wp\/v2\/media?parent=1806"}],"wp:term":[{"taxonomy":"product_brand","embeddable":true,"href":"https:\/\/mybrazil.co.uk\/en\/wp-json\/wp\/v2\/product_brand?post=1806"},{"taxonomy":"product_cat","embeddable":true,"href":"https:\/\/mybrazil.co.uk\/en\/wp-json\/wp\/v2\/product_cat?post=1806"},{"taxonomy":"product_tag","embeddable":true,"href":"https:\/\/mybrazil.co.uk\/en\/wp-json\/wp\/v2\/product_tag?post=1806"}],"curies":[{"name":"wp","href":"https:\/\/api.w.org\/{rel}","templated":true}]}}