{"id":1771,"date":"2024-08-28T23:03:12","date_gmt":"2024-08-28T22:03:12","guid":{"rendered":"https:\/\/mybrazil.co.uk\/produto\/guarana-ant-zeroguarana-zero-drink1lt\/"},"modified":"2026-04-20T16:34:45","modified_gmt":"2026-04-20T15:34:45","slug":"guarana-ant-zeroguarana-zero-drink1lt","status":"publish","type":"product","link":"https:\/\/mybrazil.co.uk\/en\/shop\/guarana-ant-zeroguarana-zero-drink1lt\/","title":{"rendered":"Guaran\u00e1 Antarctica Zero 1L"},"content":{"rendered":"<p>O Guaran\u00e1 Antarctica Zero na garrafa de 1 litro \u00e9 a escolha ideal para partilhar o sabor aut\u00eantico do Brasil sem comprometer a dieta. Produzido com o extrato natural do fruto do guaran\u00e1 colhido na Amaz\u00f3nia, esta vers\u00e3o mant\u00e9m a frescura e o perfil frutado inconfund\u00edvel da receita original, mas com zero a\u00e7\u00facares e zero calorias. \u00c9 o acompanhamento perfeito para almo\u00e7os em fam\u00edlia ou jantares casuais, oferecendo uma experi\u00eancia borbulhante e revigorante que agrada a todos os paladares.<\/p>","protected":false},"excerpt":{"rendered":"<p>O Guaran\u00e1 Antarctica Zero na garrafa de 1 litro \u00e9 a escolha ideal para partilhar o sabor aut\u00eantico do Brasil sem comprometer a dieta. Produzido com o extrato natural do fruto do guaran\u00e1 colhido na Amaz\u00f3nia, esta vers\u00e3o mant\u00e9m a frescura e o perfil frutado inconfund\u00edvel da receita original, mas com zero a\u00e7\u00facares e zero [&hellip;]<\/p>","protected":false},"featured_media":8814,"comment_status":"open","ping_status":"closed","template":"","meta":{"_acf_changed":false,"_glsr_average":0,"_glsr_ranking":0,"_glsr_reviews":0},"product_brand":[],"product_cat":[42,90],"product_tag":[],"class_list":{"0":"post-1771","1":"product","2":"type-product","3":"status-publish","4":"has-post-thumbnail","6":"product_cat-drink","7":"product_cat-refrigerantes","9":"first","10":"outofstock","11":"taxable","12":"shipping-taxable","13":"purchasable","14":"product-type-simple"},"acf":[],"_links":{"self":[{"href":"https:\/\/mybrazil.co.uk\/en\/wp-json\/wp\/v2\/product\/1771","targetHints":{"allow":["GET"]}}],"collection":[{"href":"https:\/\/mybrazil.co.uk\/en\/wp-json\/wp\/v2\/product"}],"about":[{"href":"https:\/\/mybrazil.co.uk\/en\/wp-json\/wp\/v2\/types\/product"}],"replies":[{"embeddable":true,"href":"https:\/\/mybrazil.co.uk\/en\/wp-json\/wp\/v2\/comments?post=1771"}],"wp:featuredmedia":[{"embeddable":true,"href":"https:\/\/mybrazil.co.uk\/en\/wp-json\/wp\/v2\/media\/8814"}],"wp:attachment":[{"href":"https:\/\/mybrazil.co.uk\/en\/wp-json\/wp\/v2\/media?parent=1771"}],"wp:term":[{"taxonomy":"product_brand","embeddable":true,"href":"https:\/\/mybrazil.co.uk\/en\/wp-json\/wp\/v2\/product_brand?post=1771"},{"taxonomy":"product_cat","embeddable":true,"href":"https:\/\/mybrazil.co.uk\/en\/wp-json\/wp\/v2\/product_cat?post=1771"},{"taxonomy":"product_tag","embeddable":true,"href":"https:\/\/mybrazil.co.uk\/en\/wp-json\/wp\/v2\/product_tag?post=1771"}],"curies":[{"name":"wp","href":"https:\/\/api.w.org\/{rel}","templated":true}]}}