{"id":1770,"date":"2024-08-28T23:03:11","date_gmt":"2024-08-28T22:03:11","guid":{"rendered":"https:\/\/mybrazil.co.uk\/produto\/6xguarana-ant-zero-guarana-z-drink1lt\/"},"modified":"2026-04-20T17:22:52","modified_gmt":"2026-04-20T16:22:52","slug":"6xguarana-ant-zero-guarana-z-drink1lt","status":"publish","type":"product","link":"https:\/\/mybrazil.co.uk\/en\/shop\/6xguarana-ant-zero-guarana-z-drink1lt\/","title":{"rendered":"Guaran\u00e1 Ant\u00e1rtica zero Fardo 6x1LT"},"content":{"rendered":"<p>O Guaran\u00e1 Antarctica Zero Pack 6x1L \u00e9 a solu\u00e7\u00e3o perfeita para ter sempre \u00e0 m\u00e3o o refrigerante mais amado do Brasil na sua vers\u00e3o sem a\u00e7\u00facar. Este pack econ\u00f3mico de seis garrafas de 1 litro \u00e9 ideal para o consumo di\u00e1rio em fam\u00edlia ou para stockar a sua despensa para festas e eventos. Desfrute do sabor \u00fanico e refrescante do guaran\u00e1 da Amaz\u00f3nia, com a mesma energia e efervesc\u00eancia da receita original, mas com zero calorias. \u00c9 uma op\u00e7\u00e3o leve e revigorante que combina com qualquer refei\u00e7\u00e3o.<\/p>","protected":false},"excerpt":{"rendered":"<p>O Guaran\u00e1 Antarctica Zero Pack 6x1L \u00e9 a solu\u00e7\u00e3o perfeita para ter sempre \u00e0 m\u00e3o o refrigerante mais amado do Brasil na sua vers\u00e3o sem a\u00e7\u00facar. Este pack econ\u00f3mico de seis garrafas de 1 litro \u00e9 ideal para o consumo di\u00e1rio em fam\u00edlia ou para stockar a sua despensa para festas e eventos. Desfrute do [&hellip;]<\/p>","protected":false},"featured_media":3077,"comment_status":"open","ping_status":"closed","template":"","meta":{"_acf_changed":false,"_glsr_average":0,"_glsr_ranking":0,"_glsr_reviews":0},"product_brand":[],"product_cat":[42,90],"product_tag":[],"class_list":{"0":"post-1770","1":"product","2":"type-product","3":"status-publish","4":"has-post-thumbnail","6":"product_cat-drink","7":"product_cat-refrigerantes","9":"first","10":"outofstock","11":"taxable","12":"shipping-taxable","13":"purchasable","14":"product-type-simple"},"acf":[],"_links":{"self":[{"href":"https:\/\/mybrazil.co.uk\/en\/wp-json\/wp\/v2\/product\/1770","targetHints":{"allow":["GET"]}}],"collection":[{"href":"https:\/\/mybrazil.co.uk\/en\/wp-json\/wp\/v2\/product"}],"about":[{"href":"https:\/\/mybrazil.co.uk\/en\/wp-json\/wp\/v2\/types\/product"}],"replies":[{"embeddable":true,"href":"https:\/\/mybrazil.co.uk\/en\/wp-json\/wp\/v2\/comments?post=1770"}],"wp:featuredmedia":[{"embeddable":true,"href":"https:\/\/mybrazil.co.uk\/en\/wp-json\/wp\/v2\/media\/3077"}],"wp:attachment":[{"href":"https:\/\/mybrazil.co.uk\/en\/wp-json\/wp\/v2\/media?parent=1770"}],"wp:term":[{"taxonomy":"product_brand","embeddable":true,"href":"https:\/\/mybrazil.co.uk\/en\/wp-json\/wp\/v2\/product_brand?post=1770"},{"taxonomy":"product_cat","embeddable":true,"href":"https:\/\/mybrazil.co.uk\/en\/wp-json\/wp\/v2\/product_cat?post=1770"},{"taxonomy":"product_tag","embeddable":true,"href":"https:\/\/mybrazil.co.uk\/en\/wp-json\/wp\/v2\/product_tag?post=1770"}],"curies":[{"name":"wp","href":"https:\/\/api.w.org\/{rel}","templated":true}]}}