{"id":1753,"date":"2024-08-28T23:03:07","date_gmt":"2024-08-28T22:03:07","guid":{"rendered":"https:\/\/mybrazil.co.uk\/produto\/tempero-cominho\/"},"modified":"2026-04-12T11:04:28","modified_gmt":"2026-04-12T10:04:28","slug":"tempero-cominho","status":"publish","type":"product","link":"https:\/\/mybrazil.co.uk\/en\/shop\/tempero-cominho\/","title":{"rendered":"Tempero de Cominhos 50g Dom Duarte"},"content":{"rendered":"<p><strong data-start=\"537\" data-end=\"576\">Tempero de Cominhos 50 g Dom Duarte<\/strong> apresenta cominhos mo\u00eddos de alta qualidade, um ingrediente arom\u00e1tico essencial em diversas cozinhas tradicionais, desde pratos mediterr\u00e2nicos e do Oriente M\u00e9dio at\u00e9 receitas brasileiras e africanas. Com sabor terroso, levemente picante e aroma marcante, este tempero real\u00e7a feijoadas, ensopados, carnes, legumes, sopas e arroz de maneira vers\u00e1til. F\u00e1cil de usar e perfeito para incrementar seus pratos com um toque de sabor sofisticado.<\/p>","protected":false},"excerpt":{"rendered":"<p>Tempero de Cominhos 50 g Dom Duarte apresenta cominhos mo\u00eddos de alta qualidade, um ingrediente arom\u00e1tico essencial em diversas cozinhas tradicionais, desde pratos mediterr\u00e2nicos e do Oriente M\u00e9dio at\u00e9 receitas brasileiras e africanas. Com sabor terroso, levemente picante e aroma marcante, este tempero real\u00e7a feijoadas, ensopados, carnes, legumes, sopas e arroz de maneira vers\u00e1til. F\u00e1cil [&hellip;]<\/p>","protected":false},"featured_media":2707,"comment_status":"open","ping_status":"closed","template":"","meta":{"_acf_changed":false,"_glsr_average":0,"_glsr_ranking":0,"_glsr_reviews":0},"product_brand":[],"product_cat":[41],"product_tag":[],"class_list":{"0":"post-1753","1":"product","2":"type-product","3":"status-publish","4":"has-post-thumbnail","6":"product_cat-condiments-and-sauce","8":"first","9":"outofstock","10":"taxable","11":"shipping-taxable","12":"purchasable","13":"product-type-simple"},"acf":[],"_links":{"self":[{"href":"https:\/\/mybrazil.co.uk\/en\/wp-json\/wp\/v2\/product\/1753","targetHints":{"allow":["GET"]}}],"collection":[{"href":"https:\/\/mybrazil.co.uk\/en\/wp-json\/wp\/v2\/product"}],"about":[{"href":"https:\/\/mybrazil.co.uk\/en\/wp-json\/wp\/v2\/types\/product"}],"replies":[{"embeddable":true,"href":"https:\/\/mybrazil.co.uk\/en\/wp-json\/wp\/v2\/comments?post=1753"}],"wp:featuredmedia":[{"embeddable":true,"href":"https:\/\/mybrazil.co.uk\/en\/wp-json\/wp\/v2\/media\/2707"}],"wp:attachment":[{"href":"https:\/\/mybrazil.co.uk\/en\/wp-json\/wp\/v2\/media?parent=1753"}],"wp:term":[{"taxonomy":"product_brand","embeddable":true,"href":"https:\/\/mybrazil.co.uk\/en\/wp-json\/wp\/v2\/product_brand?post=1753"},{"taxonomy":"product_cat","embeddable":true,"href":"https:\/\/mybrazil.co.uk\/en\/wp-json\/wp\/v2\/product_cat?post=1753"},{"taxonomy":"product_tag","embeddable":true,"href":"https:\/\/mybrazil.co.uk\/en\/wp-json\/wp\/v2\/product_tag?post=1753"}],"curies":[{"name":"wp","href":"https:\/\/api.w.org\/{rel}","templated":true}]}}