{"id":10776,"date":"2026-04-24T12:56:41","date_gmt":"2026-04-24T11:56:41","guid":{"rendered":"https:\/\/mybrazil.co.uk\/?post_type=product&#038;p=10776"},"modified":"2026-04-24T13:02:18","modified_gmt":"2026-04-24T12:02:18","slug":"amendoim-apimentado-kerpi-150g","status":"publish","type":"product","link":"https:\/\/mybrazil.co.uk\/en\/shop\/amendoim-apimentado-kerpi-150g\/","title":{"rendered":"Amendoim Apimentado Kerpi 150g"},"content":{"rendered":"<p data-start=\"183\" data-end=\"658\">O Amendoim Apimentado Kerpi 150g \u00e9 um snack crocante e saboroso, perfeito para quem aprecia um toque picante. Produzido com amendoins selecionados e revestido com uma camada temperada de especiarias, oferece uma combina\u00e7\u00e3o equilibrada entre croc\u00e2ncia e intensidade de sabor. Ideal para consumir como aperitivo, acompanhar bebidas ou servir em reuni\u00f5es e momentos de lazer. Pr\u00e1tico e pronto para consumo, \u00e9 uma op\u00e7\u00e3o irresist\u00edvel para quem gosta de petiscos com personalidade.<\/p>","protected":false},"excerpt":{"rendered":"<p>O Amendoim Apimentado Kerpi 150g \u00e9 um snack crocante e saboroso, perfeito para quem aprecia um toque picante. Produzido com amendoins selecionados e revestido com uma camada temperada de especiarias, oferece uma combina\u00e7\u00e3o equilibrada entre croc\u00e2ncia e intensidade de sabor. Ideal para consumir como aperitivo, acompanhar bebidas ou servir em reuni\u00f5es e momentos de lazer. [&hellip;]<\/p>","protected":false},"featured_media":10777,"comment_status":"open","ping_status":"closed","template":"","meta":{"_acf_changed":false,"_glsr_average":0,"_glsr_ranking":0,"_glsr_reviews":0},"product_brand":[],"product_cat":[112,92,81],"product_tag":[],"class_list":{"0":"post-10776","1":"product","2":"type-product","3":"status-publish","4":"has-post-thumbnail","6":"product_cat-acompanhamentos","7":"product_cat-bolachas-biscoitos-salgadinhos","8":"product_cat-grocery-2","10":"first","11":"instock","12":"purchasable","13":"product-type-simple"},"acf":[],"_links":{"self":[{"href":"https:\/\/mybrazil.co.uk\/en\/wp-json\/wp\/v2\/product\/10776","targetHints":{"allow":["GET"]}}],"collection":[{"href":"https:\/\/mybrazil.co.uk\/en\/wp-json\/wp\/v2\/product"}],"about":[{"href":"https:\/\/mybrazil.co.uk\/en\/wp-json\/wp\/v2\/types\/product"}],"replies":[{"embeddable":true,"href":"https:\/\/mybrazil.co.uk\/en\/wp-json\/wp\/v2\/comments?post=10776"}],"wp:featuredmedia":[{"embeddable":true,"href":"https:\/\/mybrazil.co.uk\/en\/wp-json\/wp\/v2\/media\/10777"}],"wp:attachment":[{"href":"https:\/\/mybrazil.co.uk\/en\/wp-json\/wp\/v2\/media?parent=10776"}],"wp:term":[{"taxonomy":"product_brand","embeddable":true,"href":"https:\/\/mybrazil.co.uk\/en\/wp-json\/wp\/v2\/product_brand?post=10776"},{"taxonomy":"product_cat","embeddable":true,"href":"https:\/\/mybrazil.co.uk\/en\/wp-json\/wp\/v2\/product_cat?post=10776"},{"taxonomy":"product_tag","embeddable":true,"href":"https:\/\/mybrazil.co.uk\/en\/wp-json\/wp\/v2\/product_tag?post=10776"}],"curies":[{"name":"wp","href":"https:\/\/api.w.org\/{rel}","templated":true}]}}