{"id":10729,"date":"2026-04-17T18:32:02","date_gmt":"2026-04-17T17:32:02","guid":{"rendered":"https:\/\/mybrazil.co.uk\/?post_type=product&#038;p=10729"},"modified":"2026-04-19T13:26:16","modified_gmt":"2026-04-19T12:26:16","slug":"fafora-sabor-costelinha-defumada-300g-bom-gosto","status":"publish","type":"product","link":"https:\/\/mybrazil.co.uk\/en\/shop\/fafora-sabor-costelinha-defumada-300g-bom-gosto\/","title":{"rendered":"Fafora sabor Costelinha Defumada 300g Bom Gosto"},"content":{"rendered":"<p data-start=\"259\" data-end=\"708\">A Farofa Bom Gosto sabor Costelinha Defumada 300g \u00e9 um acompanhamento tradicional brasileiro, pronto para consumo, que combina a croc\u00e2ncia da farinha de mandioca com o sabor marcante e defumado da costelinha. Produzida com ingredientes selecionados, oferece um toque caseiro e irresist\u00edvel \u00e0s refei\u00e7\u00f5es. Vers\u00e1til e pr\u00e1tica, \u00e9 ideal para acompanhar churrascos, carnes, feij\u00e3o, saladas e pratos do dia a dia, elevando o sabor com facilidade e rapidez.<\/p>","protected":false},"excerpt":{"rendered":"<p>A Farofa Bom Gosto sabor Costelinha Defumada 300g \u00e9 um acompanhamento tradicional brasileiro, pronto para consumo, que combina a croc\u00e2ncia da farinha de mandioca com o sabor marcante e defumado da costelinha. Produzida com ingredientes selecionados, oferece um toque caseiro e irresist\u00edvel \u00e0s refei\u00e7\u00f5es. Vers\u00e1til e pr\u00e1tica, \u00e9 ideal para acompanhar churrascos, carnes, feij\u00e3o, saladas [&hellip;]<\/p>","protected":false},"featured_media":10730,"comment_status":"open","ping_status":"closed","template":"","meta":{"_acf_changed":false,"_glsr_average":0,"_glsr_ranking":0,"_glsr_reviews":0},"product_brand":[],"product_cat":[103,94],"product_tag":[],"class_list":{"0":"post-10729","1":"product","2":"type-product","3":"status-publish","4":"has-post-thumbnail","6":"product_cat-churrasco","7":"product_cat-graos-farinhacos","9":"first","10":"instock","11":"taxable","12":"shipping-taxable","13":"purchasable","14":"product-type-simple"},"acf":[],"_links":{"self":[{"href":"https:\/\/mybrazil.co.uk\/en\/wp-json\/wp\/v2\/product\/10729","targetHints":{"allow":["GET"]}}],"collection":[{"href":"https:\/\/mybrazil.co.uk\/en\/wp-json\/wp\/v2\/product"}],"about":[{"href":"https:\/\/mybrazil.co.uk\/en\/wp-json\/wp\/v2\/types\/product"}],"replies":[{"embeddable":true,"href":"https:\/\/mybrazil.co.uk\/en\/wp-json\/wp\/v2\/comments?post=10729"}],"wp:featuredmedia":[{"embeddable":true,"href":"https:\/\/mybrazil.co.uk\/en\/wp-json\/wp\/v2\/media\/10730"}],"wp:attachment":[{"href":"https:\/\/mybrazil.co.uk\/en\/wp-json\/wp\/v2\/media?parent=10729"}],"wp:term":[{"taxonomy":"product_brand","embeddable":true,"href":"https:\/\/mybrazil.co.uk\/en\/wp-json\/wp\/v2\/product_brand?post=10729"},{"taxonomy":"product_cat","embeddable":true,"href":"https:\/\/mybrazil.co.uk\/en\/wp-json\/wp\/v2\/product_cat?post=10729"},{"taxonomy":"product_tag","embeddable":true,"href":"https:\/\/mybrazil.co.uk\/en\/wp-json\/wp\/v2\/product_tag?post=10729"}],"curies":[{"name":"wp","href":"https:\/\/api.w.org\/{rel}","templated":true}]}}